{"id":3568,"date":"2024-10-04T15:41:47","date_gmt":"2024-10-04T13:41:47","guid":{"rendered":"https:\/\/berggold.digital\/?page_id=3568"},"modified":"2025-05-31T11:03:00","modified_gmt":"2025-05-31T09:03:00","slug":"zahlungsarten","status":"publish","type":"page","link":"https:\/\/berggold.digital\/en\/zahlungsarten\/","title":{"rendered":"Zahlungsarten"},"content":{"rendered":"<p>Wir bieten Ihnen unter <a href=\"https:\/\/berggold.digital\/en\/laden\/\">Berggold.digital\/laden<\/a> die Gelegenheit, einfach und unkompliziert einzukaufen. Um bei uns online zu bezahlen, stellen wir Ihnen mehrere M\u00f6glichkeiten zur Verf\u00fcgung.<\/p>\n\n\n\n<h2 class=\"wp-block-heading\">Mit Kryptow\u00e4hrungen bezahlen<\/h2>\n\n\n\n<p>Da wir uns als seri\u00f6se Krypto-Enthusiasten verstehen, zahlen Sie in unserem Laden mit Kryptow\u00e4hrungen wie <span tabindex='0' class='glossary-item-container'>Monero<span class='glossary-item-hidden-content'><span class='glossary-item-header'>Monero<\/span> <span class='glossary-item-description'>(Kurz XMR) Die technologisch f\u00fchrende Kryptow\u00e4hrung zum Schutz der finanziellen Privatsph\u00e4re. Verf\u00fcgt \u00fcber eine private Blockchain: Sender, Empf\u00e4nger und Betrag bleiben f\u00fcr Beobachter geheim. Sichergestellt durch modernste Kryptographie-Techniken.<\/span><\/span><\/span>, Bitcoin, Litecoin (inkl. MWEB) und vielen anderen. W\u00e4hlen Sie im Shop \u201eMit Krypto bezahlen\u201c aus. Nach der Bestellung wird Ihnen der genaue Krypto-Betrag und unsere Adresse (auch als QR-Code) angezeigt, die Sie bequem in Ihre <span tabindex='0' class='glossary-item-container'>Wallet<span class='glossary-item-hidden-content'><span class='glossary-item-header'>Wallet<\/span> <span class='glossary-item-description'>Englisch f\u00fcr Portemonnaie. Ein Konto f\u00fcr eine Kryptow\u00e4hrung. \u00dcber sie erfolgen Verwahrung und Zahlungen. Jeder kann beliebig viele frei und geheim erstellen.<\/span><\/span><\/span> kopieren k\u00f6nnen. Es ist intuitiv, schnell und sicher. <br>Stabilit\u00e4t schafft Vertrauen: Die Wechselkurse werden f\u00fcr jede Bestellung einmalig von Kryptob\u00f6rsen bezogen und sind dann fixiert. <\/p>\n\n\n\n<p>Wenn Sie mit anderen als den genannten Kryptow\u00e4hrungen zahlen, erfolgt die Abwicklung \u00fcber den Anbieter Trocador.app.<\/p>\n\n\n\n<h2 class=\"wp-block-heading\">Vorkasse | \u00dcberweisung<\/h2>\n\n\n\n<p>Hierbei \u00fcberweisen Sie uns den zu zahlenden Betrag per Bank\u00fcberweisung auf unser Firmenkonto. Alle notwendigen Details f\u00fcr die \u00dcberweisung erhalten Sie nach Abschluss der Bestellung per E-Mail. Nach Eingang der Zahlung bearbeiten wir schnellstm\u00f6glich Ihre Bestellung.<\/p>\n\n\n\n<h2 class=\"wp-block-heading\">Nachnahme | Barzahlung<\/h2>\n\n\n\n<p>Wenn Sie mit Bargeld bezahlen wollen, k\u00f6nnen Sie das direkt an der Haust\u00fcr oder in der Postfiliale erledigen. W\u00e4hlen Sie hierzu Nachnahme aus. Die zus\u00e4tzliche Geb\u00fchr des Zustellers wird der Bestellung automatisch hinzugef\u00fcgt. Eine Barzahlung bei Abholung ist auch m\u00f6glich, bitte kontaktieren Sie uns hierf\u00fcr separat.<\/p>\n\n\n\n<h2 class=\"wp-block-heading\">PayPal<\/h2>\n\n\n\n<p>Wenn Ihnen finanzielle <span tabindex='0' class='glossary-item-container'>privacy<span class='glossary-item-hidden-content'><span class='glossary-item-header'>privacy<\/span> <span class='glossary-item-description'>Bezeichnet den nicht\u00f6ffentlichen Bereich, in dem ein Mensch - unbehelligt von \u00e4u\u00dferen Einfl\u00fcssen - sein Recht auf freie Entfaltung der Pers\u00f6nlichkeit wahrnimmt.<\/span><\/span><\/span> weniger wichtig ist und Sie einen supranationalen Konzern unterst\u00fctzen m\u00f6chten, k\u00f6nnen Sie auch bequem mit PayPal bezahlen. Die anfallenden Geb\u00fchren werden der Bestellung automatisch hinzugef\u00fcgt.<\/p>\n\n\n\n<div class=\"wp-block-buttons is-content-justification-center is-layout-flex wp-container-core-buttons-is-layout-a89b3969 wp-block-buttons-is-layout-flex\">\n<div class=\"wp-block-button\"><a class=\"wp-block-button__link has-text-align-center wp-element-button\" href=\"https:\/\/berggold.digital\/en\/laden\/\">Jetzt zum Laden<\/a><\/div>\n<\/div>","protected":false},"excerpt":{"rendered":"<p>Wir bieten Ihnen unter Berggold.digital\/laden die Gelegenheit, einfach und unkompliziert einzukaufen. Um bei uns online zu bezahlen, stellen wir Ihnen mehrere M\u00f6glichkeiten zur Verf\u00fcgung. Mit Kryptow\u00e4hrungen bezahlen Da wir uns als seri\u00f6se Krypto-Enthusiasten verstehen, zahlen Sie in unserem Laden mit Kryptow\u00e4hrungen wie MoneroMonero (Kurz XMR) Die technologisch f\u00fchrende Kryptow\u00e4hrung zum Schutz der finanziellen Privatsph\u00e4re. Verf\u00fcgt [&hellip;]<\/p>\n","protected":false},"author":4,"featured_media":0,"parent":0,"menu_order":0,"comment_status":"closed","ping_status":"closed","template":"","meta":{"footnotes":"","_links_to":"","_links_to_target":""},"class_list":["post-3568","page","type-page","status-publish","hentry"],"_links":{"self":[{"href":"https:\/\/berggold.digital\/en\/wp-json\/wp\/v2\/pages\/3568","targetHints":{"allow":["GET"]}}],"collection":[{"href":"https:\/\/berggold.digital\/en\/wp-json\/wp\/v2\/pages"}],"about":[{"href":"https:\/\/berggold.digital\/en\/wp-json\/wp\/v2\/types\/page"}],"author":[{"embeddable":true,"href":"https:\/\/berggold.digital\/en\/wp-json\/wp\/v2\/users\/4"}],"replies":[{"embeddable":true,"href":"https:\/\/berggold.digital\/en\/wp-json\/wp\/v2\/comments?post=3568"}],"version-history":[{"count":9,"href":"https:\/\/berggold.digital\/en\/wp-json\/wp\/v2\/pages\/3568\/revisions"}],"predecessor-version":[{"id":5576,"href":"https:\/\/berggold.digital\/en\/wp-json\/wp\/v2\/pages\/3568\/revisions\/5576"}],"wp:attachment":[{"href":"https:\/\/berggold.digital\/en\/wp-json\/wp\/v2\/media?parent=3568"}],"curies":[{"name":"wp","href":"https:\/\/api.w.org\/{rel}","templated":true}]}}