{"id":48,"date":"2024-09-11T11:17:43","date_gmt":"2024-09-11T09:17:43","guid":{"rendered":"https:\/\/berggold.digital\/?page_id=48"},"modified":"2025-02-07T09:44:42","modified_gmt":"2025-02-07T08:44:42","slug":"widerrufsbestimmungen","status":"publish","type":"page","link":"https:\/\/berggold.digital\/en\/widerrufsbestimmungen\/","title":{"rendered":"Widerrufsbestimmungen"},"content":{"rendered":"<p>Verbraucher haben ein vierzehnt\u00e4giges Widerrufsrecht.<\/p>\n\n\n\n<h2 class=\"wp-block-heading\"><strong>Widerrufsbelehrung<\/strong><\/h2>\n\n\n\n<h2 class=\"wp-block-heading\"><strong>Widerrufsrecht<\/strong><\/h2>\n\n\n\n<p>Sie haben das Recht, binnen vierzehn Tagen ohne Angabe von Gr\u00fcnden diesen Vertrag zu widerrufen. Die Widerrufsfrist betr\u00e4gt vierzehn Tage ab dem Tag, an dem Sie oder ein von Ihnen benannter Dritter, der nicht der Bef\u00f6rderer ist, die Ware (oder die letzte Ware, Teilsendung oder St\u00fcck im Falle eines Vertrags \u00fcber mehrere Waren einer einheitlichen Bestellung oder die Lieferung einer Ware in mehreren Teilsendungen oder St\u00fccken) in Besitz genommen haben oder ab dem Tag des Vertragsschlusses, im Falle von digitalen Inhalten, die nicht auf einem k\u00f6rperlichen Datentr\u00e4ger geliefert werden (z.B. CDs oder DVDs), ohne Angabe von Gr\u00fcnden zu widerrufen.<\/p>\n\n\n\n<p>Die Widerrufsfrist f\u00fcr Dienstleistungen betr\u00e4gt vierzehn Tage ab dem Tag des Vertragsabschlusses.<\/p>\n\n\n\n<p>Um Ihr Widerrufsrecht auszu\u00fcben, m\u00fcssen Sie uns<\/p>\n\n\n\n<p>Berggold digital UG (haftungsbeschr\u00e4nkt)<br>Ernst-Th\u00e4lmann-Str. 7, 04758 Oschatz, Deutschland<br>E-Mail: <a href=\"mailto:mail@berggold.digital\">mail@berggold.digital<\/a><br>Telefon: <a href=\"tel:+4934356599821\">+49 3435 6599821<\/a><\/p>\n\n\n\n<p>mittels einer eindeutigen Erkl\u00e4rung (z.B. ein mit der Post versandter Brief oder eine E-Mail) \u00fcber Ihren Entschluss, diesen Vertrag zu widerrufen, informieren. Sie k\u00f6nnen daf\u00fcr das Muster-Widerrufsformular verwenden, das jedoch nicht vorgeschrieben ist. Sie k\u00f6nnen das Muster-Widerrufsformular oder eine andere eindeutige Erkl\u00e4rung auch auf unserer Webseite <a><\/a><a href=\"https:\/\/berggold.digital\/en\/widerrufsbestimmungen\/\">https:\/\/berggold.digital\/widerrufsbestimmungen\/<\/a> elektronisch ausf\u00fcllen und \u00fcbermitteln. Machen Sie von dieser M\u00f6glichkeit Gebrauch, so werden wir Ihnen unverz\u00fcglich (z.B. per E-Mail) eine Best\u00e4tigung \u00fcber den Eingang eines solchen Widerrufs \u00fcbermitteln.<\/p>\n\n\n\n<p>Zur Wahrung der Widerrufsfrist reicht es aus, dass Sie die Mitteilung \u00fcber die Aus\u00fcbung des Widerrufsrechts vor Ablauf der Widerrufsfrist absenden.<\/p>\n\n\n\n<p>F\u00fcr zus\u00e4tzliche Informationen hinsichtlich der Reichweite, des Inhalts und Erl\u00e4uterungen zur Aus\u00fcbung wenden Sie sich bitte an unseren Kundenservice.<\/p>\n\n\n\n<div class=\"wp-block-buttons is-content-justification-center is-layout-flex wp-container-core-buttons-is-layout-a89b3969 wp-block-buttons-is-layout-flex\">\n<div class=\"wp-block-button\"><a class=\"wp-block-button__link wp-element-button\" href=\"#popup-widerruf\" rel=\" nofollow\">Widerruf online erkl\u00e4ren<\/a><\/div>\n<\/div>\n\n\n\n<h2 class=\"wp-block-heading\"><strong>Folgen des Widerrufs<\/strong><\/h2>\n\n\n\n<p>Wenn Sie diesen Vertrag widerrufen, haben wir Ihnen alle Zahlungen, die wir von Ihnen erhalten haben, einschlie\u00dflich der Lieferkosten (mit Ausnahme der zus\u00e4tzlichen Kosten, die sich daraus ergeben, dass Sie eine andere Art der Lieferung als die von uns angebotene, g\u00fcnstigste Standardlieferung gew\u00e4hlt haben), unverz\u00fcglich und sp\u00e4testens binnen 14 Tagen ab dem Tag zur\u00fcckzuzahlen, an dem die Mitteilung \u00fcber Ihren Widerruf dieses Vertrags bei uns eingegangen ist. F\u00fcr diese R\u00fcckzahlung verwenden wir dasselbe Zahlungsmittel, das Sie bei der urspr\u00fcnglichen Transaktion eingesetzt haben, es sei denn, mit Ihnen wurde ausdr\u00fccklich etwas anderes vereinbart; in keinem Fall werden Ihnen wegen dieser R\u00fcckzahlung Entgelte berechnet.<\/p>\n\n\n\n<p>Haben Sie verlangt, dass die Dienstleistungen w\u00e4hrend der Widerrufsfrist beginnen sollen, so haben Sie uns einen angemessenen Betrag zu zahlen, der dem Anteil der bis zu dem Zeitpunkt, zu dem Sie uns von der Aus\u00fcbung des Widerrufsrechts hinsichtlich dieses Vertrags unterrichten, bereits erbrachten Dienstleistungen im Vergleich zum Gesamtumfang der im Vertrag vorgesehenen Dienstleistungen entspricht.<\/p>\n\n\n\n<p>Wir k\u00f6nnen die R\u00fcckzahlung verweigern, bis wir die Waren wieder zur\u00fcckerhalten haben oder bis Sie den Nachweis erbracht haben, dass Sie die Waren zur\u00fcckgesandt haben, je nachdem, welches der fr\u00fchere Zeitpunkt ist.<\/p>\n\n\n\n<p>Sie haben die Waren unverz\u00fcglich und in jedem Fall sp\u00e4testens binnen 14 Tagen ab dem Tag, an dem Sie uns \u00fcber den Widerruf dieses Vertrags unterrichten, an<\/p>\n\n\n\n<p>Berggold digital UG (haftungsbeschr\u00e4nkt)<br>Ernst-Th\u00e4lmann-Str. 7, 04758 Oschatz, Deutschland<br>E-Mail: <a href=\"mailto:mail@berggold.digital\">mail@berggold.digital<\/a><br>Telefon: <a href=\"tel:+4934356599821\">+49 3435 6599821<\/a><\/p>\n\n\n\n<p>zur\u00fcckzusenden oder zu \u00fcbergeben. Die Frist ist gewahrt, wenn Sie die Waren vor Ablauf der Frist von 14 Tagen absenden. Sie tragen die unmittelbaren Kosten der R\u00fccksendung der Waren. Nicht paketversandf\u00e4hige Sachen werden bei Ihnen abgeholt.<\/p>\n\n\n\n<h2 class=\"wp-block-heading\"><strong>Ausnahmen vom Widerrufsrecht<\/strong><\/h2>\n\n\n\n<p>Sie m\u00fcssen f\u00fcr einen etwaigen Wertverlust der Waren nur aufkommen, wenn dieser Wertverlust auf einen zur Pr\u00fcfung der Beschaffenheit, Eigenschaften und Funktionsweise der Waren nicht notwendigen Umgang mit ihnen zur\u00fcckzuf\u00fchren ist.<\/p>\n\n\n\n<p>Das Widerrufsrecht besteht nicht bzw. erlischt bei folgenden Vertr\u00e4gen:<\/p>\n\n\n\n<ul class=\"wp-block-list\">\n<li>zur Lieferung von Waren, die aus Gr\u00fcnden des Gesundheitsschutzes oder aus Hygienegr\u00fcnden nicht zur R\u00fcckgabe geeignet sind und deren Versiegelung nach der Lieferung entfernt wurde oder die nach der Lieferung aufgrund ihrer Beschaffenheit untrennbar mit anderen G\u00fctern vermischt wurden;<\/li>\n\n\n\n<li>zur Lieferung von Ton- oder Videoaufnahmen oder Computersoftware in einer versiegelten Packung, wenn die Versiegelung nach der Lieferung entfernt wurde;<\/li>\n\n\n\n<li>zur Lieferung von Waren, die nach Kundenspezifikation angefertigt werden oder eindeutig auf die pers\u00f6nlichen Bed\u00fcrfnisse zugeschnitten sind<\/li>\n\n\n\n<li>zur Lieferung von Waren, die schnell verderben k\u00f6nnen oder deren Verfallsdatum schnell \u00fcberschritten w\u00fcrde;<\/li>\n\n\n\n<li>bei Dienstleistungen, wenn\u00a0Berggold digital\u00a0diese vollst\u00e4ndig erbracht hat und Sie vor der Bestellung zur Kenntnis genommen und ausdr\u00fccklich zugestimmt haben, dass wir mit der Erbringung der Dienstleistung beginnen k\u00f6nnen und Sie Ihr Widerrufsrecht bei vollst\u00e4ndiger Vertragserf\u00fcllung verlieren;<\/li>\n\n\n\n<li>zur Lieferung von Zeitungen, Zeitschriften oder Illustrierte, mit Ausnahme von Abonnement-Vertr\u00e4gen; und<\/li>\n\n\n\n<li>zur Lieferung alkoholischer Getr\u00e4nke, deren Preis beim Abschluss des Kaufvertrags vereinbart wurde, deren Lieferung aber erst nach 30 Tagen erfolgen kann und deren aktueller Wert von Schwankungen auf dem Markt abh\u00e4ngt, auf die der Unternehmer keinen Einfluss hat.<\/li>\n<\/ul>\n\n\n\n<h2 class=\"wp-block-heading\"><strong>Ausschluss des Widerrufsrechts<\/strong><\/h2>\n\n\n\n<p>(1) Das Widerrufsrecht besteht nicht bei Vertr\u00e4gen<\/p>\n\n\n\n<ul class=\"wp-block-list\">\n<li>zur Lieferung von Waren, die nicht vorgefertigt sind und f\u00fcr deren Herstellung eine individuelle Auswahl oder Bestimmung durch den Verbraucher ma\u00dfgeblich ist oder die eindeutig auf die pers\u00f6nlichen Bed\u00fcrfnisse des Verbrauchers zugeschnitten sind;<\/li>\n\n\n\n<li>zur Lieferung von Waren, die schnell verderben k\u00f6nnen oder deren Verfallsdatum schnell \u00fcberschritten w\u00fcrde;<\/li>\n<\/ul>\n\n\n\n<p>(2) Das Widerrufsrecht erlischt vorzeitig bei Vertr\u00e4gen<\/p>\n\n\n\n<ul class=\"wp-block-list\">\n<li>zur Lieferung versiegelter Waren, die aus Gr\u00fcnden des Gesundheitsschutzes oder der Hygiene nicht zur R\u00fcckgabe geeignet sind, wenn ihre Versiegelung nach der Lieferung entfernt wurde;<\/li>\n\n\n\n<li>zur Lieferung von Waren, wenn diese nach der Lieferung auf Grund ihrer Beschaffenheit untrennbar mit anderen G\u00fctern vermischt wurden;<\/li>\n\n\n\n<li>zur Lieferung von Ton- oder Videoaufnahmen oder Computersoftware in einer versiegelter Packung, wenn die Versiegelung nach der Lieferung entfernt wurde.<\/li>\n<\/ul>\n\n\n\n<p><strong>Besondere Hinweise<\/strong><\/p>\n\n\n\n<p>Wenn Sie diesen Vertrag durch ein Darlehen finanzieren und ihn sp\u00e4ter widerrufen, sind Sie auch an den Darlehensvertrag nicht mehr gebunden, sofern beide Vertr\u00e4ge eine wirtschaftliche Einheit bilden. Dies ist insbesondere dann anzunehmen, wenn wir gleichzeitig Ihr Darlehensgeber sind oder wenn sich Ihr Darlehensgeber im Hinblick auf die Finanzierung unserer Mitwirkung bedient. Wenn uns das Darlehen bei Wirksamwerden des Widerrufs bereits zugeflossen ist, tritt Ihr Darlehensgeber im Verh\u00e4ltnis zu Ihnen hinsichtlich der Rechtsfolgen des Widerrufs oder der R\u00fcckgabe in unsere Rechte und Pflichten aus dem finanzierten Vertrag ein. Letzteres gilt nicht, wenn der vorliegende Vertrag den Erwerb von Finanzinstrumenten (z.B. von Wertpapieren, Devisen oder Derivaten) zum Gegenstand hat.<\/p>\n\n\n\n<p>Wollen Sie eine vertragliche Bindung so weitgehend wie m\u00f6glich vermeiden, machen Sie von Ihrem Widerrufsrecht Gebrauch und widerrufen Sie zudem den Darlehensvertrag, wenn Ihnen auch daf\u00fcr ein Widerrufsrecht zusteht.<\/p>\n\n\n\n<p><\/p>\n\n\n\n<figure class=\"wp-block-table\"><table class=\"has-fixed-layout\"><tbody><tr><td><strong>Muster-Widerrufsformular<\/strong><br><em>(Wenn Sie den Vertrag widerrufen wollen, dann f\u00fcllen Sie bitte dieses Formular aus und senden Sie es zur\u00fcck.)<\/em><br>An <br><br>Berggold digital UG, <br>Ernst-Th\u00e4lmann-Str. 7, <br>04758 Oschatz, <br>Deutschland, <br>mail@berggold.digital<br><br>\u2013 Hiermit widerrufe(n) ich\/wir (*) den von mir\/uns (*) abgeschlossenen Vertrag \u00fcber den Kauf der folgenden Waren (*)\/die Erbringung der folgenden Dienstleistung (*)<br><br><br><br>\u2013 Bestellt am (*)\/erhalten am (*)<br><br>\u2013 Name des\/der Verbraucher(s)<br><br>\u2013 Anschrift des\/der Verbraucher(s)<br><br>\u2013 Unterschrift des\/der Verbraucher(s) (nur bei Mitteilung auf Papier)<br><br>\u2013 Datum<br><br><em>(*) Unzutreffendes streichen.<\/em><\/td><\/tr><\/tbody><\/table><\/figure>\n\n\n\n<p><\/p>\n\n\n\n<h2 class=\"wp-block-heading\">Ben\u00f6tigen Sie Hilfe?<\/h2>\n\n\n\n<p>Schreiben Sie uns eine <a href=\"mailto:widerruf@berggold.digital\">E-Mail<\/a>. Wir helfen Ihnen gern weiter.<\/p>","protected":false},"excerpt":{"rendered":"<p>Verbraucher haben ein vierzehnt\u00e4giges Widerrufsrecht. Widerrufsbelehrung Widerrufsrecht Sie haben das Recht, binnen vierzehn Tagen ohne Angabe von Gr\u00fcnden diesen Vertrag zu widerrufen. Die Widerrufsfrist betr\u00e4gt vierzehn Tage ab dem Tag, an dem Sie oder ein von Ihnen benannter Dritter, der nicht der Bef\u00f6rderer ist, die Ware (oder die letzte Ware, Teilsendung oder St\u00fcck im Falle [&hellip;]<\/p>\n","protected":false},"author":3,"featured_media":0,"parent":0,"menu_order":0,"comment_status":"closed","ping_status":"closed","template":"","meta":{"footnotes":"","_links_to":"","_links_to_target":""},"class_list":["post-48","page","type-page","status-publish","hentry"],"_links":{"self":[{"href":"https:\/\/berggold.digital\/en\/wp-json\/wp\/v2\/pages\/48","targetHints":{"allow":["GET"]}}],"collection":[{"href":"https:\/\/berggold.digital\/en\/wp-json\/wp\/v2\/pages"}],"about":[{"href":"https:\/\/berggold.digital\/en\/wp-json\/wp\/v2\/types\/page"}],"author":[{"embeddable":true,"href":"https:\/\/berggold.digital\/en\/wp-json\/wp\/v2\/users\/3"}],"replies":[{"embeddable":true,"href":"https:\/\/berggold.digital\/en\/wp-json\/wp\/v2\/comments?post=48"}],"version-history":[{"count":8,"href":"https:\/\/berggold.digital\/en\/wp-json\/wp\/v2\/pages\/48\/revisions"}],"predecessor-version":[{"id":4717,"href":"https:\/\/berggold.digital\/en\/wp-json\/wp\/v2\/pages\/48\/revisions\/4717"}],"wp:attachment":[{"href":"https:\/\/berggold.digital\/en\/wp-json\/wp\/v2\/media?parent=48"}],"curies":[{"name":"wp","href":"https:\/\/api.w.org\/{rel}","templated":true}]}}