{"id":5223,"date":"2025-03-20T12:08:52","date_gmt":"2025-03-20T11:08:52","guid":{"rendered":"https:\/\/berggold.digital\/?page_id=5223"},"modified":"2025-03-24T16:04:02","modified_gmt":"2025-03-24T15:04:02","slug":"partnerprogramm-teilnahmebedingungen","status":"publish","type":"page","link":"https:\/\/berggold.digital\/en\/partnerprogramm-teilnahmebedingungen\/","title":{"rendered":"Partnerprogramm Teilnahmebedingungen"},"content":{"rendered":"<p>Wir von <a href=\"https:\/\/berggold.digital\/en\/impressum\/\">Berggold digital<\/a> erm\u00f6glichen unseren Kunden und Unterst\u00fctzern (nachfolgend Partner), unsere Dienste und Produkte zu bewerben und bieten daf\u00fcr eine finanzielle Teilhabe an unserem Umsatz. Diese Praxis nennt man auch Affiliate.<\/p>\n\n\n\n<p>Wir gew\u00e4hren f\u00fcr jeden nicht retournierten (widerrufenen) Kauf, der von einem Partnerlink herr\u00fchrt, eine Provision von 7&nbsp;% auf den Nettobetrag, also ohne Steuern und ohne Versandkosten.<\/p>\n\n\n\n<p>Der Mindestbetrag, ab dem wir Provisionen auszahlen, betr\u00e4gt 50 \u20ac und ist fr\u00fchestens 20 Tage nach dem letzten Kauf, der zur \u00dcberschreitung dieses Mindestbetrags f\u00fchrte, abrufbar.<\/p>\n\n\n\n<p>Ausgezahlt wird wahlweise in der Kryptow\u00e4hrung <span tabindex='0' class='glossary-item-container'>Monero<span class='glossary-item-hidden-content'><span class='glossary-item-header'>Monero<\/span> <span class='glossary-item-description'>(Kurz XMR) Die technologisch f\u00fchrende Kryptow\u00e4hrung zum Schutz der finanziellen Privatsph\u00e4re. Verf\u00fcgt \u00fcber eine private Blockchain: Sender, Empf\u00e4nger und Betrag bleiben f\u00fcr Beobachter geheim. Sichergestellt durch modernste Kryptographie-Techniken.<\/span><\/span><\/span> oder per \u00dcberweisung in Euro auf ein Bankkonto innerhalb der Europ\u00e4ischen Union. Der Partner nennt uns seine konkreten Zahlungsdetails.<\/p>\n\n\n\n<p>F\u00fcr die Anmeldung sind folgende Angaben verpflichtend: eine E-Mail-Adresse zu Kontaktzwecken, eine Website und die Beschreibung der Art und Weise, wie unsere Produkte beworben werden.<\/p>\n\n\n\n<p><strong>Pflichten des Partners<\/strong><\/p>\n\n\n\n<p>Der Partner verpflichtet sich zu folgenden Praktiken:<\/p>\n\n\n\n<ul class=\"wp-block-list\">\n<li>Affiliate-Links zu unseren Produkten, Diensten oder Website als solche hinreichend zu kennzeichnen,<\/li>\n\n\n\n<li><\/li>\n<\/ul>\n\n\n\n<p><strong>Verbotene Praktiken<\/strong><\/p>\n\n\n\n<p>Partnern ist es verboten, eine der nachfolgenden Praktiken anzuwenden:<\/p>\n\n\n\n<ul class=\"wp-block-list\">\n<li>durch Affiliates sich selbst Nachl\u00e4sse zu verschaffen,<\/li>\n\n\n\n<li>durch Affiliates ausschlie\u00dflich seine Familienangeh\u00f6rigen oder Freunde anzuwerben,<\/li>\n\n\n\n<li>unsere Produkte oder die Marke Berggold digital negativ darzustellen (Sachliche Kritik ist gestattet)<\/li>\n\n\n\n<li>in einer irref\u00fchrenden, unlauteren, sittenwidrigen oder illegalen Art und Weise zu werben (insbesondere aufdringliche, marktschreierische Arten widersprechen unserer Philosophie)<\/li>\n\n\n\n<li><\/li>\n<\/ul>\n\n\n\n<p>Verst\u00f6\u00dft ein Partner gegen diese Teilnahmebedingungen, behalten wir uns das Recht vor, die Zusammenarbeit fristlos zu beenden.<\/p>\n\n\n\n<p>Berggold digital \u00fcbernimmt keine Haftung f\u00fcr Sch\u00e4den jeder Art, die durch die Handlungen oder Unterlassungen von Partnern entstehen. Partner handeln eigenverantwortlich und \u00fcbernehmen die Haftung f\u00fcr entstandene Sch\u00e4den. Sie haften auch gegen\u00fcber Berggold digital f\u00fcr Sch\u00e4den, die durch Verst\u00f6\u00dfe gegen die Teilnahmebedingungen entstehen. <\/p>\n\n\n\n<p>Die von uns bereitgestellten Inhalte sind unser geistiges Eigentum, wir behalten uns alle Rechte vor. <\/p>\n\n\n\n<p>Das Mindestalter zur Teilnahme am Partnerprogramm betr\u00e4gt 18 Jahre.<\/p>\n\n\n\n<p>Wir behalten uns das Recht vor, das Partnerprogramm jederzeit und ohne Angabe von Gr\u00fcnden, gegen\u00fcber einzelnen Partnern oder in G\u00e4nze zu beenden, zu pausieren oder die Konditionen anzupassen.<\/p>\n\n\n\n<div class=\"wp-block-buttons is-content-justification-center is-layout-flex wp-container-core-buttons-is-layout-a89b3969 wp-block-buttons-is-layout-flex\">\n<div class=\"wp-block-button\"><a class=\"wp-block-button__link wp-element-button\" href=\"https:\/\/berggold.digital\/en\/my-account\/#partner\">Jetzt Partner werden<\/a><\/div>\n<\/div>","protected":false},"excerpt":{"rendered":"<p>Wir von Berggold digital erm\u00f6glichen unseren Kunden und Unterst\u00fctzern (nachfolgend Partner), unsere Dienste und Produkte zu bewerben und bieten daf\u00fcr eine finanzielle Teilhabe an unserem Umsatz. Diese Praxis nennt man auch Affiliate. Wir gew\u00e4hren f\u00fcr jeden nicht retournierten (widerrufenen) Kauf, der von einem Partnerlink herr\u00fchrt, eine Provision von 7&nbsp;% auf den Nettobetrag, also ohne Steuern [&hellip;]<\/p>\n","protected":false},"author":4,"featured_media":0,"parent":0,"menu_order":0,"comment_status":"closed","ping_status":"closed","template":"","meta":{"footnotes":"","_links_to":"","_links_to_target":""},"class_list":["post-5223","page","type-page","status-publish","hentry"],"_links":{"self":[{"href":"https:\/\/berggold.digital\/en\/wp-json\/wp\/v2\/pages\/5223","targetHints":{"allow":["GET"]}}],"collection":[{"href":"https:\/\/berggold.digital\/en\/wp-json\/wp\/v2\/pages"}],"about":[{"href":"https:\/\/berggold.digital\/en\/wp-json\/wp\/v2\/types\/page"}],"author":[{"embeddable":true,"href":"https:\/\/berggold.digital\/en\/wp-json\/wp\/v2\/users\/4"}],"replies":[{"embeddable":true,"href":"https:\/\/berggold.digital\/en\/wp-json\/wp\/v2\/comments?post=5223"}],"version-history":[{"count":8,"href":"https:\/\/berggold.digital\/en\/wp-json\/wp\/v2\/pages\/5223\/revisions"}],"predecessor-version":[{"id":5277,"href":"https:\/\/berggold.digital\/en\/wp-json\/wp\/v2\/pages\/5223\/revisions\/5277"}],"wp:attachment":[{"href":"https:\/\/berggold.digital\/en\/wp-json\/wp\/v2\/media?parent=5223"}],"curies":[{"name":"wp","href":"https:\/\/api.w.org\/{rel}","templated":true}]}}