{"id":5728,"date":"2025-06-11T07:47:45","date_gmt":"2025-06-11T05:47:45","guid":{"rendered":"https:\/\/berggold.digital\/?page_id=5728"},"modified":"2025-06-11T07:52:13","modified_gmt":"2025-06-11T05:52:13","slug":"beratungsbedingungen","status":"publish","type":"page","link":"https:\/\/berggold.digital\/en\/beratungsbedingungen\/","title":{"rendered":"Beratungsbedingungen"},"content":{"rendered":"<h2 class=\"wp-block-heading\">Pr\u00e4ambel<\/h2>\n\n\n\n<p>Der Auftragnehmer ist ein Unternehmen, das sich auf Unternehmensberatungen, insbesondere in den Bereichen Kryptow\u00e4hrungen, deren Verwahrung und Anwendung als Zahlungsmittel sowie deren technische Integration in Zahlungsinfrastrukturen spezialisiert hat.\u00a0<\/p>\n\n\n\n<h2 class=\"wp-block-heading\">\u00a7 1 Geltungsbereich<\/h2>\n\n\n\n<p>1.1 Die folgenden Beratungsbedingungen (\u201eBeB\u201c) der <a href=\"https:\/\/berggold.digital\/en\/impressum\/\">Berggold digital UG (haftungsbeschr\u00e4nkt)<\/a> (im Folgenden \u201eAuftragnehmer\u201c genannt) gelten zwischen dem Auftragnehmer und dem jeweiligen Besteller von Dienstleistungen (im Folgenden \u201eAuftraggeber\u201c genannt) und regeln die Erbringung von Dienstleistungen des Auftragnehmers f\u00fcr den Auftraggeber in den Bereichen Beratung, insbesondere technische Beratung, Schulung. Die nachfolgenden BeB sind ma\u00dfgeblicher Vertragsbestandteil.<\/p>\n\n\n\n<p>1.2 Entgegenstehende oder von den BeB des Auftragnehmers abweichende Bedingungen des Auftraggebers sind nur wirksam, wenn der Auftragnehmer ausdr\u00fccklich schriftlich der Geltung zustimmt. Den nachfolgenden BeB widersprechende und erg\u00e4nzende Klauseln des Auftraggebers werden nicht Vertragsbestandteil, auch wenn ihnen nicht ausdr\u00fccklich durch den Auftragnehmer widersprochen wurde.&nbsp;<\/p>\n\n\n\n<h2 class=\"wp-block-heading\">\u00a7 2&nbsp;Vertragsabschluss\/Zustandekommen des Vertrages<\/h2>\n\n\n\n<p>2.1 In Prospekten, Anzeigen und anderen Werbematerialien enthaltene Angebote und Preisangaben sind freibleibend und unverbindlich.<\/p>\n\n\n\n<p>2.2 Auf Anfrage wird der Auftragnehmer dem Auftraggeber ein schriftliches Angebot unterbreiten. Dieses Angebot hat eine G\u00fcltigkeit von 4 Wochen ab dem Angebotsdatum. Der Vertrag kommt mit der Unterzeichnung des schriftlichen Angebotes des Auftragnehmers durch den Auftraggeber und \u00dcbersendung des unterzeichneten Angebotes an den Auftragnehmer zustande. Der Auftragnehmer wird den Erhalt des vom Auftraggeber unterzeichneten Angebots durch die Versendung einer Auftragsbest\u00e4tigung in elektronischer Form best\u00e4tigen.&nbsp;<\/p>\n\n\n\n<p>2.3 Sollte der Auftraggeber einen Termin mithilfe der Online-Terminbuchung des Auftragnehmers buchen, so gilt diese Terminbuchung als Vertragsabschluss und der Vertrag als zustande gekommen. Die in der Online-Terminbuchung gemachten Angebote des Auftragnehmers stellen in diesem Falle das Angebot dar, welches durch eine verbindliche Buchung des Auftraggebers angenommen wird.<\/p>\n\n\n\n<h2 class=\"wp-block-heading\">\u00a7 3&nbsp;Umfang der Leistungen des Auftragnehmers, Subauftragnehmer und Vollmacht<\/h2>\n\n\n\n<p>3.1 Die vom Auftragnehmer abgeschlossenen Vertr\u00e4ge sind Dienstvertr\u00e4ge, sofern nicht ausdr\u00fccklich etwas anderes vereinbart wird. Gegenstand des Vertrages ist daher die Erbringung der vereinbarten Leistungen, nicht die Herbeif\u00fchrung eines bestimmten Erfolges. Insbesondere schuldet der Auftragnehmer kein bestimmtes wirtschaftliches Ergebnis. Die Beratungsberichte, Stellungnahmen und Empfehlungen des Auftragnehmers bereiten die unternehmerische(n) Entscheidung(en) des Auftraggebers vor, sie k\u00f6nnen sie jedoch in keinem Fall ersetzen.<\/p>\n\n\n\n<p>3.2 Der Auftragnehmer ber\u00e4t, schult und\/oder coacht den Auftraggeber entsprechend des erteilten Auftrages.<\/p>\n\n\n\n<p>3.3 Gegenstand und Umfang des Auftrags ergeben sich aus dem jeweiligen Angebot des Auftragnehmers, auf dessen Grundlage der Auftrag an ihn erteilt wird.<\/p>\n\n\n\n<p>3.4 Der Auftragnehmer ist berechtigt, sich zur Durchf\u00fchrung des Auftrages sachverst\u00e4ndiger Personen zu bedienen und Dritte als Unterauftragnehmer zu beauftragen. Soweit f\u00fcr die Erf\u00fcllung des Auftrags Berufstr\u00e4ger mit besonderer staatlicher Zulassung, z. B. Rechtsanw\u00e4lte, Steuerberater oder Wirtschaftspr\u00fcfer, erforderlich sind, wird der Auftraggeber diese selbst beauftragen, d.h. das Vertragsverh\u00e4ltnis kommt direkt zwischen den Auftraggebern und diesem Personenkreis zustande. Dem Auftraggeber steht es frei, sich vom Auftragnehmer geeignete Berufstr\u00e4ger empfehlen zu lassen oder selbst entsprechende Personen einzuschalten.<\/p>\n\n\n\n<p>3.5 Der Auftraggeber wird die zur Vertragserf\u00fcllung notwendigen Vollmachten an den Auftragnehmer erteilen. Weitere Einzelheiten k\u00f6nnen sich aus einer Leistungsbeschreibung ergeben, welche ebenfalls Vertragsbestandteil ist.<\/p>\n\n\n\n<h2 class=\"wp-block-heading\">\u00a7 4&nbsp;T\u00e4tigkeitsnachweis<\/h2>\n\n\n\n<p>4.1 Ob, in welchem Umfang und in welcher Art und Weise bez\u00fcglich der erbrachten Leistungen des Auftragnehmers ein T\u00e4tigkeitsnachweis zu erbringen ist, werden Auftraggeber und Auftragnehmer gesondert vereinbaren.<\/p>\n\n\n\n<p>4.2 Im Falle von Beratungsleistungen mit einem fest definierten Zeitaufwand, zeichnet der Auftragnehmer die in Anspruch genommenen Zeiten seiner Leistungen mit einer Genauigkeit von viertel Stunden auf.<\/p>\n\n\n\n<h2 class=\"wp-block-heading\">\u00a7 5&nbsp;Mitwirkungspflichten des Auftraggebers<\/h2>\n\n\n\n<p>5.1 Der Auftraggeber teilt dem Auftragnehmer s\u00e4mtliche den Sachverhalt betreffenden Umst\u00e4nde vollst\u00e4ndig, umfassend, rechtzeitig und wahrheitsgem\u00e4\u00df mit, damit der Auftragnehmer die vertraglich vereinbarte Leistung erbringen kann. Der Auftraggeber ist verpflichtet, die vom Auftragnehmer schriftlich angeforderten und f\u00fcr die Erf\u00fcllung des Auftrages notwendigen Unterlagen fristgerecht und vollst\u00e4ndig beizubringen.<\/p>\n\n\n\n<p>5.2 Der Auftraggeber wird dem Auftragnehmer auch ohne dessen besondere Aufforderung&nbsp;Auskunft \u00fcber die Umst\u00e4nde erteilen, die f\u00fcr die Erbringung der vertraglich vereinbarten Leistung&nbsp;von Bedeutung sein k\u00f6nnten (z. B. Insolvenzverfahren, Verbindlichkeiten, Schufa-Eintragungen).&nbsp;<\/p>\n\n\n\n<p>5.3 Der Auftraggeber unterl\u00e4sst insbesondere die Einstellung oder sonstige Besch\u00e4ftigung von Mitarbeitern oder ehemaligen Mitarbeitern des Auftragnehmers, die im Rahmen der Auftragsdurchf\u00fchrung t\u00e4tig sind oder waren, vor Ablauf von 2 Jahren nach Beendigung der Zusammenarbeit. F\u00fcr jeden Fall der schuldhaften Zuwiderhandlung gegen diese Bestimmung zahlt der Auftraggeber eine Vertragsstrafe in H\u00f6he des zuletzt vom Auftragnehmer gezahlten Bruttojahresgehalt (einschlie\u00dflich Pr\u00e4mien, Tantiemen, Boni) des betreffenden Mitarbeiters.&nbsp;&nbsp;<\/p>\n\n\n\n<h2 class=\"wp-block-heading\">\u00a7 6&nbsp;Honorar\/Zur\u00fcckbehaltungsrecht und Aufrechnung<\/h2>\n\n\n\n<p>6.1 Der Auftragnehmer hat Anspruch auf ein Honorar zzgl. der gesetzlichen Umsatzsteuer ab dem Zeitpunkt der Leistungserbringung. Die H\u00f6he des Honorars ergibt sich, soweit nichts anderes vereinbart ist, aus dem schriftlichen Angebot des Auftragnehmers. Bei Leistungen, welche nach \u00a7 45 SGB III zugelassen sind, greift die Umsatzsteuerbefreiung nach \u00a7&nbsp;4 UStG.<\/p>\n\n\n\n<p>6.2 Solange keine Kostenzusage von anderer Stelle (F\u00f6rdermittelgeber etc.) vorliegt, gilt der Auftraggeber als Gesamtschuldner des Coaching- bzw. Beratungshonorars.<\/p>\n\n\n\n<p>6.3 Das Honorar wird mit der Erledigung des Auftrages bzw. mit der Erbringung der vereinbarten Leistungen f\u00e4llig, es sei denn, zwischen den Parteien ist etwas Abweichendes vereinbart. Bei Auftr\u00e4gen, deren Bearbeitungszeit mehr als 4 Wochen betr\u00e4gt, ist der Auftragnehmer berechtigt, Vorschussrechnungen zu legen und Abschlagszahlungen zu verlangen.<\/p>\n\n\n\n<p>6.4 Das vereinbarte Honorar ist nach entsprechender Rechnungsstellung durch den Auftragnehmer sofort nach Rechnungsstellung und ohne Abzug f\u00e4llig, es sei denn, zwischen den Parteien ist etwas anderes vereinbart.<\/p>\n\n\n\n<p>6.5 Das Honorar wird auch f\u00e4llig, wenn w\u00e4hrend der T\u00e4tigkeit des Auftragnehmers durch unvorhergesehene Ereignisse der Beratungsgegenstand entf\u00e4llt, der Auftraggeber den Vertrag k\u00fcndigt oder seine Mitwirkungspflichten gem\u00e4\u00df Ziffer 5.1 schuldhaft verletzt und die vereinbarte Leistung durch den Auftragnehmer nicht mehr erbracht werden kann oder gegen den Auftraggeber das Insolvenzverfahren er\u00f6ffnet oder beantragt wird. Die bis zur Kenntnisnahme dieser Umst\u00e4nde vom Auftragnehmer erbrachten Leistungen werden voll berechnet. F\u00fcr nicht erbrachte, aber vertraglich vereinbarte Leistungen stehen dem Auftragnehmer 50 % des vereinbarten Honorars als pauschaler Schadenersatz zzgl. nachzuweisender Ausgaben zu. Der Nachweis eines geringeren Schadens bleibt dem Auftraggeber ausdr\u00fccklich gestattet.<\/p>\n\n\n\n<p>6.6 Falls der Auftragnehmer \u00fcber den vereinbarten Umfang hinaus t\u00e4tig werden muss, wird er dies dem Auftraggeber schriftlich mitteilen und sich dessen schriftliche Einwilligung zur fortlaufenden T\u00e4tigkeit einholen. Soweit nichts anderes vereinbart wird, betr\u00e4gt das Honorar des Auftragnehmers f\u00fcr diesen Falle 140,00 \u20ac zzgl. USt. je Stunde.<\/p>\n\n\n\n<p>6.7 Eine Zur\u00fcckbehaltung oder Aufrechnung des Honorars ist nur zul\u00e4ssig, wenn die Anspr\u00fcche des Auftraggebers vom Auftragnehmer anerkannt sind oder rechtskr\u00e4ftig festgestellt wurden.<\/p>\n\n\n\n<p>6.8 Der Auftragnehmer ist berechtigt, dem Auftraggeber Rechnungen auch in elektronischer Form zu \u00fcbermitteln, womit sich der Auftraggeber bei Unterzeichnung des Angebotes ausdr\u00fccklich einverstanden erkl\u00e4rt.<\/p>\n\n\n\n<h2 class=\"wp-block-heading\">\u00a7 7&nbsp;Spesen und Sonderleistungen<\/h2>\n\n\n\n<p>7.1 Die Abrechnung der Spesen und Sonderleistungen, wie z. B. die Einholung von Handelsregisterausz\u00fcgen oder die Erbringung von Kurierdiensten, erfolgt durch gesonderte Rechnungslegung. Die Erstattung der Spesen und Sonderleistungen ist, sofern nichts anderes vereinbart wurde, sofort nach Rechnungsstellung und ohne Abzug f\u00e4llig.<\/p>\n\n\n\n<p>7.2 Die H\u00f6he der Reisekosten betr\u00e4gt 0,60 \u20ac zzgl. Umsatzsteuer je Kilometer unabh\u00e4ngig vom gew\u00e4hlten Verkehrsmittel. Reisekosten f\u00fcr Entfernungen von weniger als 20 km vom Firmensitz des Auftragnehmers werden nicht berechnet.<\/p>\n\n\n\n<p>7.3 Unabh\u00e4ngig vom tats\u00e4chlichen Aufwand wird eine Post- und Zustellpauschale in H\u00f6he von 25,00 \u20ac zzgl. Umsatzsteuer durch den Auftragnehmer erhoben. Diese Pauschale entf\u00e4llt bei im Online-Terminbuchungstool des Auftragnehmers gebuchten Terminen. F\u00fcr den Fall, dass der Auftraggeber einer Kommunikation per E-Mail nicht zustimmt, erh\u00f6ht sich die Post- und Zustellpauschale um 25 \u20ac auf 50 \u20ac.<\/p>\n\n\n\n<p>7.4 F\u00fcr die notwendige Einholung von Handelsregisterausz\u00fcgen wird eine Pauschale in H\u00f6he von 15,00 \u20ac zzgl. gesetzlicher Mehrwertsteuer je eingeholtem Auszug erhoben.<\/p>\n\n\n\n<p>7.5 \u00dcber anfallende Reisekosten, Handelsregisterkosten und Kurierkosten wird der Auftraggeber im Vorfeld schriftlich informiert.&nbsp;<\/p>\n\n\n\n<h2 class=\"wp-block-heading\">\u00a7 8&nbsp;Sonstige Aufwendungen<\/h2>\n\n\n\n<p>8.1 Der Auftraggeber verpflichtet sich, dem Auftragnehmer alle zur Durchf\u00fchrung der Beratungst\u00e4tigkeit notwendigen Auslagen, wie z. B. die Hinzuziehung von Buchhaltern oder Gutachtern, zu ersetzen.<\/p>\n\n\n\n<p>8.2 Honorare und Kosten f\u00fcr vom Auftragnehmer hinzugezogene spezialisierte Dritte, welche nicht unmittelbar vom Auftraggeber beauftragt werden, sind dem Auftragnehmer nach gesonderter Abrechnung und gegen Vorlage von Rechnungen und Zahlungsnachweisen zu erstatten, sofern der Auftraggeber in die Hinzuziehung eingewilligt oder diese geduldet hat und die Abrechnung dieser Fremdleistungen der \u00dcblichkeit oder Gesetzlichkeit entspricht. Die Erstattung der sonstigen Aufwendungen ist, sofern nichts anderes vereinbart wurde, sofort nach Rechnungsstellung und ohne Abzug f\u00e4llig.<\/p>\n\n\n\n<h2 class=\"wp-block-heading\">\u00a7 9&nbsp;Terminabsage<\/h2>\n\n\n\n<p>9.1 Eine kostenfreie Absage des Coaching- bzw. Beratungstermins ist bis 48 Stunden vor dem vereinbarten Termin m\u00f6glich (bei Montagsterminen bis Donnerstag 14:00 Uhr), danach wird bei einer vom Auftraggeber zu vertretenen Nichtwahrnehmung des Coaching- bzw. Beratungstermins 75 % des f\u00fcr diesen Coaching- bzw. Beratungstermin vereinbarten Honorars zur Zahlung f\u00e4llig. Dies gilt auch f\u00fcr das kostenlose Erstgespr\u00e4ch, das in solchen F\u00e4llen mit 85,00 \u20ac zzgl. gesetzlicher Mehrwertsteuer berechnet wird.&nbsp;&nbsp;<\/p>\n\n\n\n<h2 class=\"wp-block-heading\">\u00a7 10&nbsp;Schutz des geistigen Eigentums<\/h2>\n\n\n\n<p>10.1 Die Urheberrechte an den vom Auftragnehmer und seinen Mitarbeitern und von ihm beauftragten Dritten erstellten Unterlagen und Dokumenten, insbesondere Angebote, Berichte, Analysen, Gutachten, fachkundige Stellungnahmen, Organisationspl\u00e4ne, Programme, Leistungsbeschreibungen, Entw\u00fcrfe, Berechnungen, Zeichnungen, Datentr\u00e4ger verbleiben beim Auftragnehmer.<\/p>\n\n\n\n<p>10.2 Die vom Auftragnehmer und seinen Mitarbeitern und von ihm beauftragten Dritten erstellten Unterlagen und Dokumenten d\u00fcrfen vom Auftraggeber w\u00e4hrend und nach Beendigung des Vertragsverh\u00e4ltnisses ausschlie\u00dflich f\u00fcr vom Vertrag umfasste Zwecke verwendet werden. Der Auftraggeber ist insofern nicht berechtigt, diese Unterlagen und Dokumente ohne ausdr\u00fcckliche Zustimmung des Auftragnehmers zu vervielf\u00e4ltigen und\/oder zu verbreiten. Keinesfalls entsteht durch eine unberechtigte Vervielf\u00e4ltigung\/Verbreitung dieser Unterlagen und Dokumente eine Haftung des Auftragnehmers \u2013 vornehmlich etwa f\u00fcr die Richtigkeit \u2013 gegen\u00fcber Dritten.<\/p>\n\n\n\n<p>10.3 Der Versto\u00df des Auftraggebers gegen diese Bestimmungen berechtigt den Auftragnehmer zur sofortigen vorzeitigen Beendigung des Vertragsverh\u00e4ltnisses und zur Geltendmachung anderer gesetzlicher Anspr\u00fcche, insbesondere auf Unterlassung und\/oder Schadenersatz.&nbsp;<\/p>\n\n\n\n<h2 class=\"wp-block-heading\">\u00a7 11&nbsp;Laufzeit und K\u00fcndigung<\/h2>\n\n\n\n<p>11.1 Der zwischen den Parteien geschlossene Vertrag endet grunds\u00e4tzlich mit Erbringung der vereinbarten Leistung(en), durch Ablauf der vereinbarten Laufzeit oder durch K\u00fcndigung.<\/p>\n\n\n\n<p>11.2 Der Vertrag kann von beiden Parteien ohne Einhaltung einer etwaigen K\u00fcndigungsfrist aus wichtigem Grund k\u00fcndigt werden. Ein wichtiger Grund f\u00fcr den Auftragnehmer liegt insbesondere dann vor, wenn<\/p>\n\n\n\n<p>a) der Auftraggeber seine Mitwirkungspflichten gem\u00e4\u00df 5.3 verletzt,<\/p>\n\n\n\n<p>b) der Auftraggeber mit Zahlungen mehr als 30 Tage in Verzug ist oder&nbsp;<\/p>\n\n\n\n<p>c) der Auftraggeber gegen die Urheberrechte gem\u00e4\u00df \u00a7 10 verst\u00f6\u00dft.<\/p>\n\n\n\n<p>11.3 F\u00fcr die Leistungen, die der Auftragnehmer bis zur au\u00dferordentlichen K\u00fcndigung erbracht hat, ist er vom Auftraggeber voll zu honorieren. F\u00fcr nicht erbrachte vertraglich vereinbarte Leistungen stehen dem Auftragnehmer 50 % des vereinbarten Honorars als pauschaler Schadenersatz zzgl. nachzuweisender Ausgaben zu. Der Nachweis eines geringeren Schadens bleibt dem Auftraggeber ausdr\u00fccklich gestattet.&nbsp;<\/p>\n\n\n\n<h2 class=\"wp-block-heading\">\u00a7 12&nbsp;Haftung\/Abtretung<\/h2>\n\n\n\n<p>12.1 Schadensersatzanspr\u00fcche sind unabh\u00e4ngig von der Art der Pflichtverletzung, einschlie\u00dflich unerlaubter Handlungen, ausgeschlossen, soweit nicht vors\u00e4tzliches oder grob fahrl\u00e4ssiges Handeln vorliegt. Bei Verletzungen wesentlicher Vertragspflichten haftet der Auftragnehmer f\u00fcr jede Fahrl\u00e4ssigkeit, jedoch nur bis zur H\u00f6he des vorhersehbaren Schadens, begrenzt auf das Dreifache des vereinbarten Honorars.<\/p>\n\n\n\n<p>12.2 Der Auftragnehmer haftet nicht f\u00fcr entgangenen Gewinn. Der Auftragnehmer haftet f\u00fcr Sachsch\u00e4den nur, soweit sie von ihm oder seinen Erf\u00fcllungsgehilfen direkt verursacht wurden.&nbsp;<\/p>\n\n\n\n<p>12.3. Die Haftungsbeschr\u00e4nkungen und -ausschl\u00fcsse in den Ziffern 12.1. und 12.2. gelten nicht f\u00fcr Anspr\u00fcche, die wegen arglistigem Verhaltens des Auftragnehmers entstanden sind sowie bei einer Haftung f\u00fcr garantierte Beschaffenheitsmerkmale sowie bei Sch\u00e4den aus der Verletzung des Lebens, des K\u00f6rpers und der Gesundheit. Soweit die Haftung des Auftragnehmers ausgeschlossen oder beschr\u00e4nkt ist, gilt dies auch f\u00fcr Angestellte, Arbeitnehmer, Vertreter und Erf\u00fcllungsgehilfen des Auftragnehmers<\/p>\n\n\n\n<p>12.4 Der Auftraggeber hat jeweils den Beweis zu erbringen, dass der Schaden auf ein anspruchsbegr\u00fcndendes Verschulden des Auftragnehmers zur\u00fcckzuf\u00fchren ist.<\/p>\n\n\n\n<p>12.5 Sofern der Auftragnehmer die Auftragserf\u00fcllung unter Zuhilfenahme Dritter erbringt und in diesem Zusammenhang Gew\u00e4hrleistung- und\/oder Haftungsanspr\u00fcche gegen\u00fcber diesen Dritten entstehen, tritt der Auftragnehmer diese Anspr\u00fcche an den Auftraggeber ab. Der Auftraggeber wird sich in diesem Fall vorrangig an diese Dritten halten.<\/p>\n\n\n\n<p>12.6 Der Versand bzw. die elektronische \u00dcbertragung jeglicher Daten erfolgt auf Gefahr des Auftraggebers.<\/p>\n\n\n\n<h2 class=\"wp-block-heading\">\u00a7 13&nbsp;Aufbewahrung und Herausgabe von Unterlagen<\/h2>\n\n\n\n<p>13.1 Der Auftragnehmer bewahrt die im Kontext der Erledigung seines Auftrages ihm \u00fcbergebenen Unterlagen, sowie den \u00fcber den Auftrag gef\u00fchrten Schriftwechsel, grunds\u00e4tzlich drei Jahre (ab Auftragserteilung) auf, sofern nicht zwingende gesetzliche Vorschriften eine l\u00e4ngere Aufbewahrungsfrist vorsehen.<\/p>\n\n\n\n<p>13.2 Nach Befriedigung seiner Anspr\u00fcche aus dem Auftrag hat der Auftragnehmer, auf Verlangen des Auftraggebers, alle Unterlagen herauszugeben, die er aus Anlass seiner T\u00e4tigkeit zur Durchf\u00fchrung des Auftrages von diesem erhalten hat. Dies gilt jedoch nicht f\u00fcr den Schriftwechsel zwischen dem Auftragnehmer und seinem Auftraggeber und f\u00fcr die Schriftst\u00fccke, die dieser bereits in Urschrift oder Abschrift besitzt.<\/p>\n\n\n\n<p>13.3 Der Auftragnehmer kann von den zur\u00fcckzugebenden Unterlagen Kopien fertigen und diese zum Nachweis seiner T\u00e4tigkeit zur\u00fcckbehalten. Der Auftragnehmer ist nicht verpflichtet, spezielle Berechnungsprogramme oder andere Arbeits- und Hilfsmittel (Tools), die zur Erbringung der Dienstleistung erforderlich waren, herauszugeben.<\/p>\n\n\n\n<p>13.4 Die Erf\u00fcllung von Aufbewahrungs- und Nachweispflichten gegen\u00fcber Dritten (z.B. Zuwendungsgebern) obliegt dem Auftraggeber.&nbsp;<\/p>\n\n\n\n<h2 class=\"wp-block-heading\">\u00a7 14&nbsp;&nbsp;&nbsp;&nbsp; Vertraulichkeit, Datenschutz<\/h2>\n\n\n\n<p>14.1 Der Auftragnehmer verpflichtet sich, \u00fcber alle ihm im Rahmen der T\u00e4tigkeit bekannt gewordenen betrieblichen, gesch\u00e4ftlichen und privaten Angelegenheiten des Auftraggebers auch nach der Beendigung des Vertrages Stillschweigen gegen\u00fcber Dritten zu bewahren, es sei denn, der Auftraggeber hat den Auftragnehmer von seiner Schweigepflicht entbunden. Diese Regelung gilt umgekehrt auch f\u00fcr den Auftraggeber.<\/p>\n\n\n\n<p>14.2 Dar\u00fcber hinaus verpflichtet sich der Auftragnehmer, die ihm zum Zwecke der Durchf\u00fchrung des Beratungsauftrages \u00fcberlassenen Unterlagen sorgf\u00e4ltig zu verwahren und gegen Einsichtnahme Dritter zu sch\u00fctzen.<\/p>\n\n\n\n<p>14.3 Der Auftragnehmer wird die einschl\u00e4gigen datenschutzrechtlichen Gesetze, Verordnungen und Vorschriften einhalten und gegebenenfalls gesonderte vertragliche Vereinbarungen hierzu treffen, soweit dies erforderlich ist. Der Auftraggeber wird auf der Grundlage von Art. 13 DSGVO in einem gesonderten Schreiben \u00fcber den Datenschutz bei der Erhebung von personenbezogenen Daten informiert.&nbsp;<\/p>\n\n\n\n<h2 class=\"wp-block-heading\">\u00a7 15 Anwendbares Recht und Gerichtsstand<\/h2>\n\n\n\n<p>15.1 F\u00fcr alle Anspr\u00fcche aus dem Vertrag gilt ausschlie\u00dflich deutsches Recht.<\/p>\n\n\n\n<p>15.2 Gerichtsstand f\u00fcr alle Streitigkeiten aus dem Vertrag ist der Sitz des Auftragnehmers.&nbsp;<\/p>\n\n\n\n<h2 class=\"wp-block-heading\">\u00a7 16 Sonstiges<\/h2>\n\n\n\n<p>16.1 \u00c4nderungen und\/oder Erg\u00e4nzungen des Vertrages \u00fcber die Erbringung der Leistungen des Auftragnehmers im Sinne des \u00a7 3 bed\u00fcrfen zu ihrer Wirksamkeit der Schriftform.<\/p>\n\n\n\n<p>16.2 Sollten eine oder mehrere Bestimmungen dieser BeB unwirksam sein oder werden, wird dadurch die Wirksamkeit der anderen Bestimmungen im \u00dcbrigen nicht ber\u00fchrt.<\/p>\n\n\n\n<hr class=\"wp-block-separator has-alpha-channel-opacity\"\/>\n\n\n\n<p>Stand: 11.06.2025<\/p>","protected":false},"excerpt":{"rendered":"<p>Pr\u00e4ambel Der Auftragnehmer ist ein Unternehmen, das sich auf Unternehmensberatungen, insbesondere in den Bereichen Kryptow\u00e4hrungen, deren Verwahrung und Anwendung als Zahlungsmittel sowie deren technische Integration in Zahlungsinfrastrukturen spezialisiert hat.\u00a0 \u00a7 1 Geltungsbereich 1.1 Die folgenden Beratungsbedingungen (\u201eBeB\u201c) der Berggold digital UG (haftungsbeschr\u00e4nkt) (im Folgenden \u201eAuftragnehmer\u201c genannt) gelten zwischen dem Auftragnehmer und dem jeweiligen Besteller von [&hellip;]<\/p>\n","protected":false},"author":4,"featured_media":0,"parent":0,"menu_order":0,"comment_status":"closed","ping_status":"closed","template":"","meta":{"footnotes":"","_links_to":"","_links_to_target":""},"class_list":["post-5728","page","type-page","status-publish","hentry"],"_links":{"self":[{"href":"https:\/\/berggold.digital\/en\/wp-json\/wp\/v2\/pages\/5728","targetHints":{"allow":["GET"]}}],"collection":[{"href":"https:\/\/berggold.digital\/en\/wp-json\/wp\/v2\/pages"}],"about":[{"href":"https:\/\/berggold.digital\/en\/wp-json\/wp\/v2\/types\/page"}],"author":[{"embeddable":true,"href":"https:\/\/berggold.digital\/en\/wp-json\/wp\/v2\/users\/4"}],"replies":[{"embeddable":true,"href":"https:\/\/berggold.digital\/en\/wp-json\/wp\/v2\/comments?post=5728"}],"version-history":[{"count":3,"href":"https:\/\/berggold.digital\/en\/wp-json\/wp\/v2\/pages\/5728\/revisions"}],"predecessor-version":[{"id":5732,"href":"https:\/\/berggold.digital\/en\/wp-json\/wp\/v2\/pages\/5728\/revisions\/5732"}],"wp:attachment":[{"href":"https:\/\/berggold.digital\/en\/wp-json\/wp\/v2\/media?parent=5728"}],"curies":[{"name":"wp","href":"https:\/\/api.w.org\/{rel}","templated":true}]}}