{"id":596,"date":"2024-02-07T11:58:26","date_gmt":"2024-02-07T10:58:26","guid":{"rendered":"https:\/\/berggold.digital\/?page_id=596"},"modified":"2025-04-04T08:54:29","modified_gmt":"2025-04-04T06:54:29","slug":"impressum","status":"publish","type":"page","link":"https:\/\/berggold.digital\/en\/impressum\/","title":{"rendered":"Imprint"},"content":{"rendered":"\t\t<div data-elementor-type=\"wp-page\" data-elementor-id=\"596\" class=\"elementor elementor-596\" data-elementor-post-type=\"page\">\n\t\t\t\t<div class=\"elementor-element elementor-element-67795ef9 e-flex e-con-boxed e-con e-parent\" data-id=\"67795ef9\" data-element_type=\"container\" data-e-type=\"container\">\n\t\t\t\t\t<div class=\"e-con-inner\">\n\t\t\t\t<div class=\"elementor-element elementor-element-55f014c9 elementor-widget elementor-widget-heading\" data-id=\"55f014c9\" data-element_type=\"widget\" data-e-type=\"widget\" data-widget_type=\"heading.default\">\n\t\t\t\t<div class=\"elementor-widget-container\">\n\t\t\t\t\t<h2 class=\"elementor-heading-title elementor-size-xl\">Impressum<\/h2>\t\t\t\t<\/div>\n\t\t\t\t<\/div>\n\t\t\t\t<div class=\"elementor-element elementor-element-457a907 elementor-widget elementor-widget-heading\" data-id=\"457a907\" data-element_type=\"widget\" data-e-type=\"widget\" data-widget_type=\"heading.default\">\n\t\t\t\t<div class=\"elementor-widget-container\">\n\t\t\t\t\t<h2 class=\"elementor-heading-title elementor-size-default\">berggold.digital<\/h2>\t\t\t\t<\/div>\n\t\t\t\t<\/div>\n\t\t\t\t\t<\/div>\n\t\t\t\t<\/div>\n\t\t<div class=\"elementor-element elementor-element-5556ed1c e-flex e-con-boxed e-con e-parent\" data-id=\"5556ed1c\" data-element_type=\"container\" data-e-type=\"container\" data-settings=\"{&quot;background_background&quot;:&quot;gradient&quot;}\">\n\t\t\t\t\t<div class=\"e-con-inner\">\n\t\t<div class=\"elementor-element elementor-element-322da092 e-con-full e-flex e-con e-child\" data-id=\"322da092\" data-element_type=\"container\" data-e-type=\"container\">\n\t\t\t\t<div class=\"elementor-element elementor-element-acc4407 elementor-widget elementor-widget-text-editor\" data-id=\"acc4407\" data-element_type=\"widget\" data-e-type=\"widget\" data-widget_type=\"text-editor.default\">\n\t\t\t\t<div class=\"elementor-widget-container\">\n\t\t\t\t\t\t\t\t\t<p style=\"text-align: left;\">Informationen \u00fcber den Diensteanbieter:<\/p><p style=\"text-align: left;\"><strong>Berggold digital UG (haftungsbeschr\u00e4nkt)<\/strong><\/p><p style=\"text-align: left;\">Ernst-Th\u00e4lmann-Str. 7,<br \/>04758 Oschatz,<br \/>Deutschland<\/p><p style=\"text-align: left;\"><strong>Tel.:<\/strong>\u00a0+49 3435 6599821<br \/><strong>E-Mail:<\/strong>\u00a0<a href=\"mailto:mail@berggold.digital\">mail@berggold.digital<\/a><\/p><p style=\"text-align: left;\">Handelsregister Leipzig, HRB 43018<\/p><p style=\"text-align: left;\"><strong>USt-IdNr.:<\/strong>\u00a0DE 368575453<\/p><p style=\"text-align: left;\"><strong>Link zur Kammer:<\/strong>\u00a0<br \/><a style=\"font-family: var( --e-global-typography-text-font-family ), Sans-serif; font-size: var( --e-global-typography-text-font-size ); font-weight: var( --e-global-typography-text-font-weight );\" href=\"https:\/\/www.leipzig.ihk.de\/\" target=\"_blank\" rel=\"noopener\">https:\/\/www.leipzig.ihk.de\/<\/a><\/p><p style=\"text-align: left;\"><strong>Name und Anschrift<\/strong><br \/>Industrie- und Handelskammer zu Leipzig<br \/>Goerdelerring 5<br \/>04109 Leipzig<\/p><p style=\"text-align: left;\"><strong>Gesch\u00e4ftsf\u00fchrer:<\/strong>\u00a0Andy Fichte<\/p><p style=\"text-align: left;\"><strong>Aufsichtsbeh\u00f6rde:<\/strong><br \/>S\u00e4chsischer Datenschutz- und Transparenzbeauftragter<br \/>Devrientstra\u00dfe 5, 01067 Dresden,<br \/>Deutschland<br \/><strong>Webseite:<\/strong>\u00a0<br \/><a href=\"https:\/\/www.datenschutz.sachsen.de\/\" target=\"_blank\" rel=\"noopener\">https:\/\/www.datenschutz.sachsen.de\/<\/a><\/p><p style=\"text-align: left;\"><strong>Datenschutz Verantwortlicher:<\/strong><br \/>Andy Fichte, Ernst-Th\u00e4lmann-Str. 7, 04758 Oschatz<br \/><strong>E-Mail:<\/strong>\u00a0<a href=\"mailto:mail@berggold.digital\">mail@berggold.digital<\/a><br \/><strong>Tel.:<\/strong>\u00a0+49 3435 6599821<br \/><strong>Impressum:<\/strong>\u00a0<br \/>https:\/\/www.berggold.digital\/impressum\/<\/p><p style=\"text-align: left;\"><strong>WEEE-Reg.-Nr.:<\/strong> DE31624506<\/p>\t\t\t\t\t\t\t\t<\/div>\n\t\t\t\t<\/div>\n\t\t\t\t<div class=\"elementor-element elementor-element-cdc8ed5 elementor-button-align-stretch elementor-widget elementor-widget-global elementor-global-615 elementor-widget-form\" data-id=\"cdc8ed5\" data-element_type=\"widget\" data-e-type=\"widget\" id=\"kontakt\" data-settings=\"{&quot;step_next_label&quot;:&quot;Next&quot;,&quot;step_previous_label&quot;:&quot;Previous&quot;,&quot;button_width&quot;:&quot;100&quot;,&quot;step_type&quot;:&quot;number_text&quot;,&quot;step_icon_shape&quot;:&quot;circle&quot;}\" data-widget_type=\"form.default\">\n\t\t\t\t<div class=\"elementor-widget-container\">\n\t\t\t\t\t\t\t<form class=\"elementor-form\" method=\"post\" id=\"dienst_form_1\" name=\"Kontakt\" aria-label=\"Kontakt\">\n\t\t\t<input type=\"hidden\" name=\"post_id\" value=\"596\"\/>\n\t\t\t<input type=\"hidden\" name=\"form_id\" value=\"cdc8ed5\"\/>\n\t\t\t<input type=\"hidden\" name=\"referer_title\" value=\"\" \/>\n\n\t\t\t\n\t\t\t<div class=\"elementor-form-fields-wrapper elementor-labels-\">\n\t\t\t\t\t\t\t\t<div class=\"elementor-field-type-select elementor-field-group elementor-column elementor-field-group-Anrede elementor-col-50 elementor-field-required\">\n\t\t\t\t\t\t\t\t\t\t\t\t<label for=\"form-field-Anrede\" class=\"elementor-field-label elementor-screen-only\">\n\t\t\t\t\t\t\t\tAnrede\t\t\t\t\t\t\t<\/label>\n\t\t\t\t\t\t\t\t<div class=\"elementor-field elementor-select-wrapper remove-before \">\n\t\t\t<div class=\"select-caret-down-wrapper\">\n\t\t\t\t<i aria-hidden=\"true\" class=\"eicon-caret-down\"><\/i>\t\t\t<\/div>\n\t\t\t<select name=\"form_fields[Anrede]\" id=\"form-field-Anrede\" class=\"elementor-field-textual elementor-size-sm\" required=\"required\">\n\t\t\t\t\t\t\t\t\t<option value=\"Anrede\">Anrede<\/option>\n\t\t\t\t\t\t\t\t\t<option value=\"Herr\">Herr<\/option>\n\t\t\t\t\t\t\t\t\t<option value=\"Frau\">Frau<\/option>\n\t\t\t\t\t\t\t\t\t<option value=\"Bot\">Bot<\/option>\n\t\t\t\t\t\t\t\t\t<option value=\"\"><\/option>\n\t\t\t\t\t\t\t<\/select>\n\t\t<\/div>\n\t\t\t\t\t\t<\/div>\n\t\t\t\t\t\t\t\t<div class=\"elementor-field-type-text\">\n\t\t\t\t\t<input size=\"1\" type=\"text\" name=\"form_fields[Ansprache]\" id=\"form-field-Ansprache\" class=\"elementor-field elementor-size-sm \" style=\"display:none !important;\">\t\t\t\t<\/div>\n\t\t\t\t\t\t\t\t<div class=\"elementor-field-type-text\">\n\t\t\t\t\t<input size=\"1\" type=\"text\" name=\"form_fields[field_name]\" id=\"form-field-field_name\" class=\"elementor-field elementor-size-sm \" style=\"display:none !important;\">\t\t\t\t<\/div>\n\t\t\t\t\t\t\t\t<div class=\"elementor-field-type-text elementor-field-group elementor-column elementor-field-group-name elementor-col-50 elementor-field-required\">\n\t\t\t\t\t\t\t\t\t\t\t\t<label for=\"form-field-name\" class=\"elementor-field-label elementor-screen-only\">\n\t\t\t\t\t\t\t\tName\t\t\t\t\t\t\t<\/label>\n\t\t\t\t\t\t\t\t\t\t\t\t\t\t<input size=\"1\" type=\"text\" name=\"form_fields[name]\" id=\"form-field-name\" class=\"elementor-field elementor-size-sm  elementor-field-textual\" placeholder=\"Name*\" required=\"required\">\n\t\t\t\t\t\t\t\t\t\t\t<\/div>\n\t\t\t\t\t\t\t\t<div class=\"elementor-field-type-text elementor-field-group elementor-column elementor-field-group-organisation elementor-col-100\">\n\t\t\t\t\t\t\t\t\t\t\t\t<label for=\"form-field-organisation\" class=\"elementor-field-label elementor-screen-only\">\n\t\t\t\t\t\t\t\tOrganisation\t\t\t\t\t\t\t<\/label>\n\t\t\t\t\t\t\t\t\t\t\t\t\t\t<input size=\"1\" type=\"text\" name=\"form_fields[organisation]\" id=\"form-field-organisation\" class=\"elementor-field elementor-size-sm  elementor-field-textual\" placeholder=\"Organisation\">\n\t\t\t\t\t\t\t\t\t\t\t<\/div>\n\t\t\t\t\t\t\t\t<div class=\"elementor-field-type-email elementor-field-group elementor-column elementor-field-group-email elementor-col-100 elementor-field-required\">\n\t\t\t\t\t\t\t\t\t\t\t\t<label for=\"form-field-email\" class=\"elementor-field-label elementor-screen-only\">\n\t\t\t\t\t\t\t\tEmail\t\t\t\t\t\t\t<\/label>\n\t\t\t\t\t\t\t\t\t\t\t\t\t\t<input size=\"1\" type=\"email\" name=\"form_fields[email]\" id=\"form-field-email\" class=\"elementor-field elementor-size-sm  elementor-field-textual\" placeholder=\"Email*\" required=\"required\">\n\t\t\t\t\t\t\t\t\t\t\t<\/div>\n\t\t\t\t\t\t\t\t<div class=\"elementor-field-type-tel elementor-field-group elementor-column elementor-field-group-telefon elementor-col-100\">\n\t\t\t\t\t\t\t\t\t\t\t\t<label for=\"form-field-telefon\" class=\"elementor-field-label elementor-screen-only\">\n\t\t\t\t\t\t\t\tTel\t\t\t\t\t\t\t<\/label>\n\t\t\t\t\t\t\t\t<input size=\"1\" type=\"tel\" name=\"form_fields[telefon]\" id=\"form-field-telefon\" class=\"elementor-field elementor-size-sm  elementor-field-textual\" placeholder=\"Telefonnummer\" pattern=\"[0-9()#&amp;+*-=.]+\" title=\"Only numbers and phone characters (#, -, *, etc) are accepted.\">\n\n\t\t\t\t\t\t<\/div>\n\t\t\t\t\t\t\t\t<div class=\"elementor-field-type-text\">\n\t\t\t\t\t<input size=\"1\" type=\"text\" name=\"form_fields[phone]\" id=\"form-field-phone\" class=\"elementor-field elementor-size-sm \" style=\"display:none !important;\">\t\t\t\t<\/div>\n\t\t\t\t\t\t\t\t<div class=\"elementor-field-type-textarea elementor-field-group elementor-column elementor-field-group-message elementor-col-100\">\n\t\t\t\t\t\t\t\t\t\t\t\t<label for=\"form-field-message\" class=\"elementor-field-label elementor-screen-only\">\n\t\t\t\t\t\t\t\tNachricht\t\t\t\t\t\t\t<\/label>\n\t\t\t\t\t\t<textarea class=\"elementor-field-textual elementor-field  elementor-size-sm\" name=\"form_fields[message]\" id=\"form-field-message\" rows=\"4\" placeholder=\"Nachricht*\"><\/textarea>\t\t\t\t<\/div>\n\t\t\t\t\t\t\t\t<div class=\"elementor-field-type-text\">\n\t\t\t\t\t<input size=\"1\" type=\"text\" name=\"form_fields[nachricht]\" id=\"form-field-nachricht\" class=\"elementor-field elementor-size-sm \" style=\"display:none !important;\">\t\t\t\t<\/div>\n\t\t\t\t\t\t\t\t<div class=\"elementor-field-type-text\">\n\t\t\t\t\t<input size=\"1\" type=\"text\" name=\"form_fields[accept_terms]\" id=\"form-field-accept_terms\" class=\"elementor-field elementor-size-sm \" style=\"display:none !important;\">\t\t\t\t<\/div>\n\t\t\t\t\t\t\t\t<div class=\"elementor-field-type-acceptance elementor-field-group elementor-column elementor-field-group-datenschutz elementor-col-100 elementor-field-required\">\n\t\t\t\t\t\t\t\t\t\t\t\t<label for=\"form-field-datenschutz\" class=\"elementor-field-label elementor-screen-only\">\n\t\t\t\t\t\t\t\tDatenschutz\t\t\t\t\t\t\t<\/label>\n\t\t\t\t\t\t\t\t<div class=\"elementor-field-subgroup\">\n\t\t\t<span class=\"elementor-field-option\">\n\t\t\t\t<input type=\"checkbox\" name=\"form_fields[datenschutz]\" id=\"form-field-datenschutz\" class=\"elementor-field elementor-size-sm  elementor-acceptance-field\" required=\"required\">\n\t\t\t\t<label for=\"form-field-datenschutz\">Ich w\u00fcnsche von Berggold.digital kontaktiert zu werden und akzeptiere die <a href=\"https:\/\/berggold.digital\/datenschutz\/\">Datenschutzerkl\u00e4rung<\/a>.*<\/label>\t\t\t<\/span>\n\t\t<\/div>\n\t\t\t\t\t\t<\/div>\n\t\t\t\t\t\t\t\t<div class=\"elementor-field-group elementor-column elementor-field-type-submit elementor-col-100 e-form__buttons\">\n\t\t\t\t\t<button class=\"elementor-button elementor-size-sm\" type=\"submit\">\n\t\t\t\t\t\t<span class=\"elementor-button-content-wrapper\">\n\t\t\t\t\t\t\t\t\t\t\t\t\t\t\t\t\t\t\t\t\t\t<span class=\"elementor-button-text\">Nachricht senden<\/span>\n\t\t\t\t\t\t\t\t\t\t\t\t\t<\/span>\n\t\t\t\t\t<\/button>\n\t\t\t\t<\/div>\n\t\t\t<\/div>\n\t\t<\/form>\n\t\t\t\t\t\t<\/div>\n\t\t\t\t<\/div>\n\t\t\t\t<\/div>\n\t\t<div class=\"elementor-element elementor-element-3cbd1d33 e-con-full e-flex e-con e-child\" data-id=\"3cbd1d33\" data-element_type=\"container\" data-e-type=\"container\">\n\t\t\t\t<div class=\"elementor-element elementor-element-6b091a5 elementor-widget elementor-widget-text-editor\" data-id=\"6b091a5\" data-element_type=\"widget\" data-e-type=\"widget\" data-widget_type=\"text-editor.default\">\n\t\t\t\t<div class=\"elementor-widget-container\">\n\t\t\t\t\t\t\t\t\t<p id=\"universalschlichtungsstelle\" class=\"adsimple-322893043 fusion-responsive-typography-calculated\" data-fontsize=\"24\" data-lineheight=\"36px\"><strong>Universal\u00adschlichtungs\u00adstelle<\/strong><\/p><p class=\"adsimple-322893043\">An einem Streitbeilegungsverfahren vor einer Verbraucherschlichtungsstelle nehmen wir teil. Die zust\u00e4ndige Stelle ist die Universalschlichtungsstelle des Bundes, Zentrums f\u00fcr Schlichtung e.V., ans\u00e4ssig in der Stra\u00dfburger Stra\u00dfe 8, 77694 Kehl am Rhein (<a class=\"adsimple-322893043\" href=\"https:\/\/www.verbraucher-schlichter.de\/\" target=\"_blank\" rel=\"follow noopener\">https:\/\/www.verbraucher-schlichter.de<\/a>).<\/p><p id=\"eu-streitschlichtung\" class=\"adsimple-322893043 fusion-responsive-typography-calculated\" data-fontsize=\"24\" data-lineheight=\"36px\"><strong>EU-Streitschlichtung<\/strong><\/p><p class=\"adsimple-322893043\">Gem\u00e4\u00df Verordnung \u00fcber Online-Streitbeilegung in Verbraucherangelegenheiten (ODR-Verordnung) m\u00f6chten wir Sie \u00fcber die Online-Streitbeilegungsplattform (OS-Plattform) informieren.<br \/>Verbraucher haben die M\u00f6glichkeit, Beschwerden an die Online Streitbeilegungsplattform der Europ\u00e4ischen Kommission unter\u00a0<a class=\"adsimple-322893043\" href=\"https:\/\/ec.europa.eu\/consumers\/odr\/main\/index.cfm?event=main.home2.show&amp;lng=DE\" target=\"_blank\" rel=\"follow noopener\">https:\/\/ec.europa.eu\/consumers\/odr\/main\/index.cfm?event=main.home2.show&amp;lng=DE<\/a>\u00a0zu richten. Die daf\u00fcr notwendigen Kontaktdaten finden Sie oberhalb in unserem Impressum.<\/p><p class=\"adsimple-322893043\">Wir m\u00f6chten Sie jedoch darauf hinweisen, dass wir nicht bereit oder verpflichtet sind, an Streitbeilegungsverfahren vor einer Verbraucherschlichtungsstelle teilzunehmen.<\/p><p><strong>Dieses Impressum gilt auch f\u00fcr<\/strong><br \/><a href=\"https:\/\/instagram.com\/berggolddigital\" target=\"_blank\" rel=\"noopener\">https:\/\/instagram.com\/berggolddigital<\/a><br \/><a href=\"https:\/\/www.x.com\/berggolddigital\" target=\"_blank\" rel=\"noopener\">https:\/\/x.com\/berggolddigital<\/a><br \/><a href=\"https:\/\/www.t.me\/berggolddigital\" target=\"_blank\" rel=\"noopener\">https:\/\/t.me\/berggolddigital<\/a><\/p><p><strong>Vertragsklauseln und Gerichtsstand<\/strong><br \/>Vertr\u00e4ge mit uns unterliegen dem Recht der Bundesrepublik Deutschland unter Ausschluss des UN-Kaufrechts. Gerichtsstand f\u00fcr alle Streitigkeiten aus solchen Vertr\u00e4gen ist Leipzig.<\/p><p><strong>Haftungsausschluss:<br \/><\/strong>Trotz sorgf\u00e4ltiger inhaltlicher Kontrolle \u00fcbernehmen wir keine Haftung f\u00fcr die Inhalte externer Links. F\u00fcr den Inhalt der verlinkten Seiten sind ausschlie\u00dflich deren Betreiber verantwortlich. S\u00e4mtliche angebotenen Informationen d\u00fcrfen \u2013 auch auszugsweise \u2013 nur mit schriftlicher Genehmigung der Berggold.digital Redaktion weiterverbreitet oder anderweitig ver\u00f6ffentlicht werden. Keinesfalls ist es gestattet, die abgerufenen Informationen online oder in anderen Medien weiterzuverbreiten oder kommerziell zu nutzen!<\/p><p>Die Inhalte unserer Internetseite werden mit Sorgfalt recherchiert. Dennoch \u00fcbernehmen wir keine Haftung f\u00fcr die Richtigkeit, Vollst\u00e4ndigkeit und Aktualit\u00e4t der bereitgestellten Informationen. Die Informationen sind insbesondere auch allgemeiner Art und stellen keine Finanz- oder Rechtsberatung im Einzelfall dar. Einzelne Beitr\u00e4ge geben die Meinung des jeweiligen Autors wieder. Sapere Aude.<\/p><div>\u00a0<\/div>\t\t\t\t\t\t\t\t<\/div>\n\t\t\t\t<\/div>\n\t\t\t\t<\/div>\n\t\t\t\t\t<\/div>\n\t\t\t\t<\/div>\n\t\t\t\t<\/div>\n\t\t","protected":false},"excerpt":{"rendered":"<p>berggold.digital Informationen \u00fcber den Diensteanbieter: Berggold digital UG (haftungsbeschr\u00e4nkt) Ernst-Th\u00e4lmann-Str. 7,04758 Oschatz,Deutschland Tel.:\u00a0+49 3435 6599821E-Mail:\u00a0mail@berggold.digital Handelsregister Leipzig, HRB 43018 USt-IdNr.:\u00a0DE 368575453 Link zur Kammer:\u00a0https:\/\/www.leipzig.ihk.de\/ Name und AnschriftIndustrie- und Handelskammer zu LeipzigGoerdelerring 504109 Leipzig Gesch\u00e4ftsf\u00fchrer:\u00a0Andy Fichte Aufsichtsbeh\u00f6rde:S\u00e4chsischer Datenschutz- und TransparenzbeauftragterDevrientstra\u00dfe 5, 01067 Dresden,DeutschlandWebseite:\u00a0https:\/\/www.datenschutz.sachsen.de\/ Datenschutz Verantwortlicher:Andy Fichte, Ernst-Th\u00e4lmann-Str. 7, 04758 OschatzE-Mail:\u00a0mail@berggold.digitalTel.:\u00a0+49 3435 6599821Impressum:\u00a0https:\/\/www.berggold.digital\/impressum\/ WEEE-Reg.-Nr.: DE31624506 Universal\u00adschlichtungs\u00adstelle An [&hellip;]<\/p>\n","protected":false},"author":3,"featured_media":0,"parent":0,"menu_order":9999,"comment_status":"closed","ping_status":"closed","template":"","meta":{"footnotes":"","_links_to":"","_links_to_target":""},"class_list":["post-596","page","type-page","status-publish","hentry"],"_links":{"self":[{"href":"https:\/\/berggold.digital\/en\/wp-json\/wp\/v2\/pages\/596","targetHints":{"allow":["GET"]}}],"collection":[{"href":"https:\/\/berggold.digital\/en\/wp-json\/wp\/v2\/pages"}],"about":[{"href":"https:\/\/berggold.digital\/en\/wp-json\/wp\/v2\/types\/page"}],"author":[{"embeddable":true,"href":"https:\/\/berggold.digital\/en\/wp-json\/wp\/v2\/users\/3"}],"replies":[{"embeddable":true,"href":"https:\/\/berggold.digital\/en\/wp-json\/wp\/v2\/comments?post=596"}],"version-history":[{"count":103,"href":"https:\/\/berggold.digital\/en\/wp-json\/wp\/v2\/pages\/596\/revisions"}],"predecessor-version":[{"id":5354,"href":"https:\/\/berggold.digital\/en\/wp-json\/wp\/v2\/pages\/596\/revisions\/5354"}],"wp:attachment":[{"href":"https:\/\/berggold.digital\/en\/wp-json\/wp\/v2\/media?parent=596"}],"curies":[{"name":"wp","href":"https:\/\/api.w.org\/{rel}","templated":true}]}}