{"id":958,"date":"2024-02-26T19:54:06","date_gmt":"2024-02-26T18:54:06","guid":{"rendered":"https:\/\/berggold.digital\/?page_id=958"},"modified":"2025-03-08T08:14:41","modified_gmt":"2025-03-08T07:14:41","slug":"glossar","status":"publish","type":"page","link":"https:\/\/berggold.digital\/en\/glossar\/","title":{"rendered":"Glossary"},"content":{"rendered":"\t\t<div data-elementor-type=\"wp-page\" data-elementor-id=\"958\" class=\"elementor elementor-958\" data-elementor-post-type=\"page\">\n\t\t\t\t<div class=\"elementor-element elementor-element-a6cda97 e-con-full e-flex e-con e-parent\" data-id=\"a6cda97\" data-element_type=\"container\" data-e-type=\"container\">\n\t\t\t\t<div class=\"elementor-element elementor-element-bd3be8f elementor-widget__width-initial elementor-widget elementor-widget-heading\" data-id=\"bd3be8f\" data-element_type=\"widget\" data-e-type=\"widget\" data-widget_type=\"heading.default\">\n\t\t\t\t<div class=\"elementor-widget-container\">\n\t\t\t\t\t<h2 class=\"elementor-heading-title elementor-size-default\">Glossar<\/h2>\t\t\t\t<\/div>\n\t\t\t\t<\/div>\n\t\t\t\t<div class=\"elementor-element elementor-element-62dca12 elementor-widget-mobile__width-inherit elementor-widget elementor-widget-heading\" data-id=\"62dca12\" data-element_type=\"widget\" data-e-type=\"widget\" data-widget_type=\"heading.default\">\n\t\t\t\t<div class=\"elementor-widget-container\">\n\t\t\t\t\t<h2 class=\"elementor-heading-title elementor-size-default\">Das Glossar erkl\u00e4rt kurz die wichtigsten Begriffe der Krypto-Welt. F\u00fcr ein schnelles Verst\u00e4ndnis: Fahren Sie auf unseren anderen Seiten mit der Maus \u00fcber unklare Fachbegriffe, so wird Ihnen direkt die Beschreibung in einem kleinen Pop-up angezeigt.<\/h2>\t\t\t\t<\/div>\n\t\t\t\t<\/div>\n\t\t\t\t<\/div>\n\t\t<div class=\"elementor-element elementor-element-6ff6eb5 e-flex e-con-boxed e-con e-parent\" data-id=\"6ff6eb5\" data-element_type=\"container\" data-e-type=\"container\" data-settings=\"{&quot;background_background&quot;:&quot;gradient&quot;}\">\n\t\t\t\t\t<div class=\"e-con-inner\">\n\t\t\t\t<div class=\"elementor-element elementor-element-94a4cef glossar-no-c elementor-widget elementor-widget-posts\" data-id=\"94a4cef\" data-element_type=\"widget\" data-e-type=\"widget\" data-settings=\"{&quot;pagination_type&quot;:&quot;numbers_and_prev_next&quot;,&quot;full_content_row_gap&quot;:{&quot;unit&quot;:&quot;px&quot;,&quot;size&quot;:36,&quot;sizes&quot;:[]}}\" data-widget_type=\"posts.full_content\">\n\t\t\t\t<div class=\"elementor-widget-container\">\n\t\t\t\t\t\t\t<div class=\"elementor-posts-container elementor-posts elementor-posts--skin-full_content elementor-grid\" role=\"list\">\n\t\t\t\t<article class=\"elementor-post elementor-grid-item post-1594 glossary type-glossary status-publish hentry\" role=\"listitem\">\n\t\t\t\t<div class=\"elementor-post__text\">\n\t\t\t\t<h3 class=\"elementor-post__title\">\n\t\t\t<a href=\"https:\/\/berggold.digital\/en\/?glossary=51-attacken\" >\n\t\t\t\t51%-Attacken\t\t\t<\/a>\n\t\t<\/h3>\n\t\t<p>Ein Angriffsszenario auf eine <span tabindex='0' class='glossary-item-container'>Blockchain<span class='glossary-item-hidden-content'><span class='glossary-item-header'>Blockchain<\/span> <span class='glossary-item-description'>Ein System miteinander verkn\u00fcpfter Datenpakete - s.g. \"Bl\u00f6cke\". Eine \u00c4nderung von bereits get\u00e4tigten Eintr\u00e4gen ist nur durch Anf\u00fcgen neuer Bl\u00f6cke m\u00f6glich. Wer und wie Bl\u00f6cke hinzugef\u00fcgt werden, ist verschieden (PoW und PoS).<\/span><\/span><\/span>, indem ein Angreifer 51% der Netzwerkleistung \u00fcbernimmt und so malizi\u00f6se Blockver\u00e4nderungen durchf\u00fchren k\u00f6nnte.<\/p>\n\t\t<\/div>\n\t\t\t\t<\/article>\n\t\t\t\t<article class=\"elementor-post elementor-grid-item post-1008 glossary type-glossary status-publish hentry\" role=\"listitem\">\n\t\t\t\t<div class=\"elementor-post__text\">\n\t\t\t\t<h3 class=\"elementor-post__title\">\n\t\t\t<a href=\"https:\/\/berggold.digital\/en\/?glossary=anschlussemission\" >\n\t\t\t\tAnschlussemission\t\t\t<\/a>\n\t\t<\/h3>\n\t\t<p>Meint die fortlaufende Aussch\u00fcttung von 0,6XMR pro Block. Es dient als Anreiz f\u00fcr die Miner und h\u00e4lt die Transaktionskosten sehr gering. Die Inflation von <span tabindex='0' class='glossary-item-container'>Monero<span class='glossary-item-hidden-content'><span class='glossary-item-header'>Monero<\/span> <span class='glossary-item-description'>(Kurz XMR) Die technologisch f\u00fchrende Kryptow\u00e4hrung zum Schutz der finanziellen Privatsph\u00e4re. Verf\u00fcgt \u00fcber eine private Blockchain: Sender, Empf\u00e4nger und Betrag bleiben f\u00fcr Beobachter geheim. Sichergestellt durch modernste Kryptographie-Techniken.<\/span><\/span><\/span> wird durch den absoluten Betrag gegen null laufen.<\/p>\n\t\t<\/div>\n\t\t\t\t<\/article>\n\t\t\t\t<article class=\"elementor-post elementor-grid-item post-4653 glossary type-glossary status-publish hentry\" role=\"listitem\">\n\t\t\t\t<div class=\"elementor-post__text\">\n\t\t\t\t<h3 class=\"elementor-post__title\">\n\t\t\t<a href=\"https:\/\/berggold.digital\/en\/?glossary=app-isolation\" >\n\t\t\t\tApp-Isolation\t\t\t<\/a>\n\t\t<\/h3>\n\t\t<p>Bei GrapheneOS: Jede App erh\u00e4lt einen streng begrenzten, eigenen Arbeitsbereich und kann nicht ohne ausdr\u00fcckliche Erlaubnis auf Daten oder Ressourcen anderer Apps zugreifen. Selbst wenn eine App kompromittiert werden sollte, bleibt der Schaden auf diese eine App beschr\u00e4nkt.<\/p>\n\t\t<\/div>\n\t\t\t\t<\/article>\n\t\t\t\t<article class=\"elementor-post elementor-grid-item post-1004 glossary type-glossary status-publish hentry\" role=\"listitem\">\n\t\t\t\t<div class=\"elementor-post__text\">\n\t\t\t\t<h3 class=\"elementor-post__title\">\n\t\t\t<a href=\"https:\/\/berggold.digital\/en\/?glossary=asic\" >\n\t\t\t\tASIC\t\t\t<\/a>\n\t\t<\/h3>\n\t\t<p>kurz f\u00fcr anwendungsspezifische integrierte Schaltkreise: spezialisierte Computerhardware, die zur hocheffizienten Berechnung einer einzigen Aufgabe geschaffen werden. Im <span tabindex='0' class='glossary-item-container'>Mining<span class='glossary-item-hidden-content'><span class='glossary-item-header'>Mining<\/span> <span class='glossary-item-description'>Beschreibt das Validieren von Transaktionen um einen neuen Block der Blockchain hinzuf\u00fcgen zu k\u00f6nnen. Der Prozess ist von Rechenleistung und dem Zufall abh\u00e4ngig. Im Erfolgsfall erh\u00e4lt der \"Miner\" eine Belohnung.<\/span><\/span><\/span> stellen sie eine Gefahr dar, da sie zu Zentralisierung f\u00fchren.<\/p>\n\t\t<\/div>\n\t\t\t\t<\/article>\n\t\t\t\t<article class=\"elementor-post elementor-grid-item post-1590 glossary type-glossary status-publish hentry\" role=\"listitem\">\n\t\t\t\t<div class=\"elementor-post__text\">\n\t\t\t\t<h3 class=\"elementor-post__title\">\n\t\t\t<a href=\"https:\/\/berggold.digital\/en\/?glossary=atomicswaps\" >\n\t\t\t\tAtomicSwaps\t\t\t<\/a>\n\t\t<\/h3>\n\t\t<p>Ist ein Protokoll, dass es durch digitale Vertr\u00e4ge erm\u00f6glicht, zwei Kryptow\u00e4hrungen direkt miteinander zu tauschen. So kann z.b. Bitcoin und <span tabindex='0' class='glossary-item-container'>Monero<span class='glossary-item-hidden-content'><span class='glossary-item-header'>Monero<\/span> <span class='glossary-item-description'>(Kurz XMR) Die technologisch f\u00fchrende Kryptow\u00e4hrung zum Schutz der finanziellen Privatsph\u00e4re. Verf\u00fcgt \u00fcber eine private Blockchain: Sender, Empf\u00e4nger und Betrag bleiben f\u00fcr Beobachter geheim. Sichergestellt durch modernste Kryptographie-Techniken.<\/span><\/span><\/span> ohne Authentifizierung (<span tabindex='0' class='glossary-item-container'>KYC<span class='glossary-item-hidden-content'><span class='glossary-item-header'>KYC<\/span> <span class='glossary-item-description'>Kurz f\u00fcr \"Know your Customer\" (Kenne deinen Kunden): Ein Identifikationsverfahren mittels Ausweis um Name, Adresse, Geburtsdatum und weiteres zu verifizieren. Wird i.d.R. von Banken oder B\u00f6rsen eingesetzt um den Kunden genau zu identifizieren.<\/span><\/span><\/span>) anonym, schnell und g\u00fcnstig getauscht werden.<\/p>\n\t\t<\/div>\n\t\t\t\t<\/article>\n\t\t\t\t<article class=\"elementor-post elementor-grid-item post-2393 glossary type-glossary status-publish hentry\" role=\"listitem\">\n\t\t\t\t<div class=\"elementor-post__text\">\n\t\t\t\t<h3 class=\"elementor-post__title\">\n\t\t\t<a href=\"https:\/\/berggold.digital\/en\/?glossary=bitcoin-maximalist\" >\n\t\t\t\tBitcoin Maximalist\t\t\t<\/a>\n\t\t<\/h3>\n\t\t<p>Individuum, das Bitcoin f\u00fcr die einzig legitime Kryptow\u00e4hrung h\u00e4lt und von der Idee ergriffen ist, Bitcoin sei \u00bbdigitales Gold\u00ab. Verbale und mediale Angriffe auf Andersdenkende sind charakteristisch.<\/p>\n\t\t<\/div>\n\t\t\t\t<\/article>\n\t\t\t\t<article class=\"elementor-post elementor-grid-item post-1061 glossary type-glossary status-publish hentry\" role=\"listitem\">\n\t\t\t\t<div class=\"elementor-post__text\">\n\t\t\t\t<h3 class=\"elementor-post__title\">\n\t\t\t<a href=\"https:\/\/berggold.digital\/en\/?glossary=blockchain\" >\n\t\t\t\tBlockchain\t\t\t<\/a>\n\t\t<\/h3>\n\t\t<p>Ein System miteinander verkn\u00fcpfter Datenpakete &#8211; s.g. &#8222;Bl\u00f6cke&#8220;. Eine \u00c4nderung von bereits get\u00e4tigten Eintr\u00e4gen ist nur durch Anf\u00fcgen neuer Bl\u00f6cke m\u00f6glich. Wer und wie Bl\u00f6cke hinzugef\u00fcgt werden, ist verschieden (PoW und PoS).<\/p>\n\t\t<\/div>\n\t\t\t\t<\/article>\n\t\t\t\t<article class=\"elementor-post elementor-grid-item post-2038 glossary type-glossary status-publish hentry\" role=\"listitem\">\n\t\t\t\t<div class=\"elementor-post__text\">\n\t\t\t\t<h3 class=\"elementor-post__title\">\n\t\t\t<a href=\"https:\/\/berggold.digital\/en\/?glossary=bootsunfall\" >\n\t\t\t\tBootsunfall\t\t\t<\/a>\n\t\t<\/h3>\n\t\t<p>&#8222;Hoppla, mir sind meine wertvollen <span tabindex='0' class='glossary-item-container'>Monero<span class='glossary-item-hidden-content'><span class='glossary-item-header'>Monero<\/span> <span class='glossary-item-description'>(Kurz XMR) Die technologisch f\u00fchrende Kryptow\u00e4hrung zum Schutz der finanziellen Privatsph\u00e4re. Verf\u00fcgt \u00fcber eine private Blockchain: Sender, Empf\u00e4nger und Betrag bleiben f\u00fcr Beobachter geheim. Sichergestellt durch modernste Kryptographie-Techniken.<\/span><\/span><\/span> vom Boot ins Wasser gefallen!&#8220;<br \/>\nDer <span tabindex='0' class='glossary-item-container'>Bootsunfall<span class='glossary-item-hidden-content'><span class='glossary-item-header'>Bootsunfall<\/span> <span class='glossary-item-description'>\"Hoppla, mir sind meine wertvollen Monero vom Boot ins Wasser gefallen!\"\rDer Bootsunfall ist eine humoristische Ausrede um den Verlust der eigenen Zugriffsdaten wie Mnemonischen Samen oder Privater Schl\u00fcssel auf Monero zu erkl\u00e4ren.<\/span><\/span><\/span> ist eine humoristische Ausrede um den Verlust der eigenen Zugriffsdaten wie Mnemonischen Samen oder Privater Schl\u00fcssel auf Monero zu erkl\u00e4ren.<\/p>\n\t\t<\/div>\n\t\t\t\t<\/article>\n\t\t\t\t<article class=\"elementor-post elementor-grid-item post-1798 glossary type-glossary status-publish hentry\" role=\"listitem\">\n\t\t\t\t<div class=\"elementor-post__text\">\n\t\t\t\t<h3 class=\"elementor-post__title\">\n\t\t\t<a href=\"https:\/\/berggold.digital\/en\/?glossary=buchgeld\" >\n\t\t\t\tBuchgeld\t\t\t<\/a>\n\t\t<\/h3>\n\t\t<p>Form von Fiatgeld, das per Buchungsvorgang in einer Gesch\u00e4ftsbank erschaffen wurden. Hinter diesem Wert steht nicht zwangsweise Bargeld.<\/p>\n\t\t<\/div>\n\t\t\t\t<\/article>\n\t\t\t\t<article class=\"elementor-post elementor-grid-item post-1083 glossary type-glossary status-publish hentry\" role=\"listitem\">\n\t\t\t\t<div class=\"elementor-post__text\">\n\t\t\t\t<h3 class=\"elementor-post__title\">\n\t\t\t<a href=\"https:\/\/berggold.digital\/en\/?glossary=coinbase\" >\n\t\t\t\tCoinbase\t\t\t<\/a>\n\t\t<\/h3>\n\t\t<p>3 Bedeutungen: Die Gesamtmenge aller verf\u00fcgbaren M\u00fcnzen (engl. Coins) einer Kryptow\u00e4hrung. Beschreibt auch den ersten Teil eines Blocks. In ihm ist die Anzahl neu geschaffener Coins und die (verschl\u00fcsselte) Adresse des Miners enthalten. Nur so entstehen in Kryptow\u00e4hrungen neue M\u00fcnzen. Auch der Name einer Kryptob\u00f6rse.<\/p>\n\t\t<\/div>\n\t\t\t\t<\/article>\n\t\t\t\t<\/div>\n\t\t\n\t\t\t\t<div class=\"e-load-more-anchor\" data-page=\"1\" data-max-page=\"5\" data-next-page=\"https:\/\/berggold.digital\/en\/?e-page-94a4cef=2\"><\/div>\n\t\t\t\t<nav class=\"elementor-pagination\" aria-label=\"Pagination\">\n\t\t\t<span class=\"page-numbers prev\">&laquo; Vor<\/span>\n<span aria-current=\"page\" class=\"page-numbers current\"><span class=\"elementor-screen-only\">Page<\/span>1<\/span>\n<a class=\"page-numbers\" href=\"https:\/\/berggold.digital\/en\/wp-json\/wp\/v2\/pages\/958\/?e-page-94a4cef=2\"><span class=\"elementor-screen-only\">Page<\/span>2<\/a>\n<a class=\"page-numbers\" href=\"https:\/\/berggold.digital\/en\/wp-json\/wp\/v2\/pages\/958\/?e-page-94a4cef=3\"><span class=\"elementor-screen-only\">Page<\/span>3<\/a>\n<a class=\"page-numbers\" href=\"https:\/\/berggold.digital\/en\/wp-json\/wp\/v2\/pages\/958\/?e-page-94a4cef=4\"><span class=\"elementor-screen-only\">Page<\/span>4<\/a>\n<a class=\"page-numbers\" href=\"https:\/\/berggold.digital\/en\/wp-json\/wp\/v2\/pages\/958\/?e-page-94a4cef=5\"><span class=\"elementor-screen-only\">Page<\/span>5<\/a>\n<a class=\"page-numbers next\" href=\"https:\/\/berggold.digital\/en\/?e-page-94a4cef=2\">Zur\u00fcck &raquo;<\/a>\t\t<\/nav>\n\t\t\t\t\t\t<\/div>\n\t\t\t\t<\/div>\n\t\t\t\t<div class=\"elementor-element elementor-element-cf76a88 elementor-widget__width-inherit elementor-widget-divider--view-line elementor-widget elementor-widget-global elementor-global-3895 elementor-widget-divider\" data-id=\"cf76a88\" data-element_type=\"widget\" data-e-type=\"widget\" data-widget_type=\"divider.default\">\n\t\t\t\t<div class=\"elementor-widget-container\">\n\t\t\t\t\t\t\t<div class=\"elementor-divider\">\n\t\t\t<span class=\"elementor-divider-separator\">\n\t\t\t\t\t\t<\/span>\n\t\t<\/div>\n\t\t\t\t\t\t<\/div>\n\t\t\t\t<\/div>\n\t\t\t\t<div class=\"elementor-element elementor-element-e684706 elementor-widget__width-inherit elementor-widget elementor-widget-heading\" data-id=\"e684706\" data-element_type=\"widget\" data-e-type=\"widget\" data-widget_type=\"heading.default\">\n\t\t\t\t<div class=\"elementor-widget-container\">\n\t\t\t\t\t<h3 class=\"elementor-heading-title elementor-size-default\">Fehlt ein Begriff?<\/h3>\t\t\t\t<\/div>\n\t\t\t\t<\/div>\n\t\t\t\t<div class=\"elementor-element elementor-element-0502b87 elementor-widget__width-initial elementor-button-align-stretch elementor-widget elementor-widget-form\" data-id=\"0502b87\" data-element_type=\"widget\" data-e-type=\"widget\" data-settings=\"{&quot;step_next_label&quot;:&quot;Next&quot;,&quot;step_previous_label&quot;:&quot;Previous&quot;,&quot;step_type&quot;:&quot;number_text&quot;,&quot;step_icon_shape&quot;:&quot;circle&quot;}\" data-widget_type=\"form.default\">\n\t\t\t\t<div class=\"elementor-widget-container\">\n\t\t\t\t\t\t\t<form class=\"elementor-form\" method=\"post\" id=\"glossar_erweiterung\" name=\"Glossareintrag\" aria-label=\"Glossareintrag\" novalidate=\"\">\n\t\t\t<input type=\"hidden\" name=\"post_id\" value=\"958\"\/>\n\t\t\t<input type=\"hidden\" name=\"form_id\" value=\"0502b87\"\/>\n\t\t\t<input type=\"hidden\" name=\"referer_title\" value=\"\" \/>\n\n\t\t\t\n\t\t\t<div class=\"elementor-form-fields-wrapper elementor-labels-\">\n\t\t\t\t\t\t\t\t<div class=\"elementor-field-type-text\">\n\t\t\t\t\t<input size=\"1\" type=\"text\" name=\"form_fields[email]\" id=\"form-field-email\" class=\"elementor-field elementor-size-sm \" style=\"display:none !important;\">\t\t\t\t<\/div>\n\t\t\t\t\t\t\t\t<div class=\"elementor-field-type-text elementor-field-group elementor-column elementor-field-group-glossar_add elementor-col-100 elementor-field-required\">\n\t\t\t\t\t\t\t\t\t\t\t\t<label for=\"form-field-glossar_add\" class=\"elementor-field-label elementor-screen-only\">\n\t\t\t\t\t\t\t\tGlossar add\t\t\t\t\t\t\t<\/label>\n\t\t\t\t\t\t\t\t\t\t\t\t\t\t<input size=\"1\" type=\"text\" name=\"form_fields[glossar_add]\" id=\"form-field-glossar_add\" class=\"elementor-field elementor-size-sm  elementor-field-textual\" placeholder=\"Welcher Begriff ist unklar?\" required=\"required\">\n\t\t\t\t\t\t\t\t\t\t\t<\/div>\n\t\t\t\t\t\t\t\t<div class=\"elementor-field-group elementor-column elementor-field-type-submit elementor-col-100 e-form__buttons\">\n\t\t\t\t\t<button class=\"elementor-button elementor-size-sm\" type=\"submit\">\n\t\t\t\t\t\t<span class=\"elementor-button-content-wrapper\">\n\t\t\t\t\t\t\t\t\t\t\t\t\t\t\t\t\t\t\t\t\t\t<span class=\"elementor-button-text\">Anfrage einreichen<\/span>\n\t\t\t\t\t\t\t\t\t\t\t\t\t<\/span>\n\t\t\t\t\t<\/button>\n\t\t\t\t<\/div>\n\t\t\t<\/div>\n\t\t<\/form>\n\t\t\t\t\t\t<\/div>\n\t\t\t\t<\/div>\n\t\t\t\t\t<\/div>\n\t\t\t\t<\/div>\n\t\t\t\t<\/div>\n\t\t","protected":false},"excerpt":{"rendered":"<p>Glossar Das Glossar erkl\u00e4rt kurz die wichtigsten Begriffe der Krypto-Welt. F\u00fcr ein schnelles Verst\u00e4ndnis: Fahren Sie auf unseren anderen Seiten mit der Maus \u00fcber unklare Fachbegriffe, so wird Ihnen direkt die Beschreibung in einem kleinen Pop-up angezeigt. Fehlt ein Begriff?<\/p>","protected":false},"author":4,"featured_media":0,"parent":0,"menu_order":0,"comment_status":"closed","ping_status":"closed","template":"","meta":{"footnotes":"","_links_to":"","_links_to_target":""},"class_list":["post-958","page","type-page","status-publish","hentry"],"_links":{"self":[{"href":"https:\/\/berggold.digital\/en\/wp-json\/wp\/v2\/pages\/958","targetHints":{"allow":["GET"]}}],"collection":[{"href":"https:\/\/berggold.digital\/en\/wp-json\/wp\/v2\/pages"}],"about":[{"href":"https:\/\/berggold.digital\/en\/wp-json\/wp\/v2\/types\/page"}],"author":[{"embeddable":true,"href":"https:\/\/berggold.digital\/en\/wp-json\/wp\/v2\/users\/4"}],"replies":[{"embeddable":true,"href":"https:\/\/berggold.digital\/en\/wp-json\/wp\/v2\/comments?post=958"}],"version-history":[{"count":112,"href":"https:\/\/berggold.digital\/en\/wp-json\/wp\/v2\/pages\/958\/revisions"}],"predecessor-version":[{"id":5120,"href":"https:\/\/berggold.digital\/en\/wp-json\/wp\/v2\/pages\/958\/revisions\/5120"}],"wp:attachment":[{"href":"https:\/\/berggold.digital\/en\/wp-json\/wp\/v2\/media?parent=958"}],"curies":[{"name":"wp","href":"https:\/\/api.w.org\/{rel}","templated":true}]}}