{"id":2381,"date":"2024-05-15T15:28:56","date_gmt":"2024-05-15T14:28:56","guid":{"rendered":"https:\/\/berggold.digital\/?post_type=product&#038;p=2381"},"modified":"2024-05-22T07:44:06","modified_gmt":"2024-05-22T06:44:06","slug":"monero-muenze","status":"publish","type":"product","link":"https:\/\/berggold.digital\/en\/laden\/monero-muenze\/","title":{"rendered":"Monero M\u00fcnze"},"content":{"rendered":"<p>Entdecken Sie die beeindruckende Sammlerm\u00fcnze mit dem <span tabindex='0' class='glossary-item-container'>Monero<span class='glossary-item-hidden-content'><span class='glossary-item-header'>Monero<\/span> <span class='glossary-item-description'>(Kurz XMR) Die technologisch f\u00fchrende Kryptow\u00e4hrung zum Schutz der finanziellen Privatsph\u00e4re. Verf\u00fcgt \u00fcber eine private Blockchain: Sender, Empf\u00e4nger und Betrag bleiben f\u00fcr Beobachter geheim. Sichergestellt durch modernste Kryptographie-Techniken.<\/span><\/span><\/span>-Symbol: eine weltliches Memento an die anonyme Kryptow\u00e4hrung. Diese Premium-Sammlerm\u00fcnze ist perfekt f\u00fcr Sammler, Dekorationszwecke und fantastisch als Geschenke. Mit ihrem goldenen oder silbernen Glanz strahlt sie in ihren jeweiligen Farben und bietet einen edlen Anblick.<\/p>\n<p>Das M\u00fcnze ist durch ein robustes Etui vor Besch\u00e4digungen gesch\u00fctzt. Mit einem Gewicht von ca. 28 Gramm und einem Durchmesser von 40mm ist diese M\u00fcnze ein sch\u00f6nes St\u00fcck Handwerk, das au\u00dfergew\u00f6hnliche Details bietet.<\/p>\n<p><em>(Rein dekorativ: Das Kernmaterial besteht aus Edelstahl, dass eloxiert wurde.)<\/em><\/p>","protected":false},"excerpt":{"rendered":"<p>Eine hochwertig und edel erscheinende M\u00fcnze mit eingepr\u00e4gtem Monero-Symbol: f\u00fcr jeden wahren Krypto-Enthusiasten ein Muss!<\/p>","protected":false},"featured_media":2384,"comment_status":"closed","ping_status":"closed","template":"","meta":{"_links_to":"","_links_to_target":""},"product_brand":[],"product_cat":[130],"product_tag":[152,153,151],"class_list":{"0":"post-2381","1":"product","2":"type-product","3":"status-publish","4":"has-post-thumbnail","6":"product_cat-werbeartikel","7":"product_tag-deko","8":"product_tag-monero","9":"product_tag-muenze","11":"first","12":"instock","13":"taxable","14":"shipping-taxable","15":"purchasable","16":"product-type-variable","17":"has-default-attributes"},"_links":{"self":[{"href":"https:\/\/berggold.digital\/en\/wp-json\/wp\/v2\/product\/2381","targetHints":{"allow":["GET"]}}],"collection":[{"href":"https:\/\/berggold.digital\/en\/wp-json\/wp\/v2\/product"}],"about":[{"href":"https:\/\/berggold.digital\/en\/wp-json\/wp\/v2\/types\/product"}],"replies":[{"embeddable":true,"href":"https:\/\/berggold.digital\/en\/wp-json\/wp\/v2\/comments?post=2381"}],"version-history":[{"count":0,"href":"https:\/\/berggold.digital\/en\/wp-json\/wp\/v2\/product\/2381\/revisions"}],"wp:featuredmedia":[{"embeddable":true,"href":"https:\/\/berggold.digital\/en\/wp-json\/wp\/v2\/media\/2384"}],"wp:attachment":[{"href":"https:\/\/berggold.digital\/en\/wp-json\/wp\/v2\/media?parent=2381"}],"wp:term":[{"taxonomy":"product_brand","embeddable":true,"href":"https:\/\/berggold.digital\/en\/wp-json\/wp\/v2\/product_brand?post=2381"},{"taxonomy":"product_cat","embeddable":true,"href":"https:\/\/berggold.digital\/en\/wp-json\/wp\/v2\/product_cat?post=2381"},{"taxonomy":"product_tag","embeddable":true,"href":"https:\/\/berggold.digital\/en\/wp-json\/wp\/v2\/product_tag?post=2381"}],"curies":[{"name":"wp","href":"https:\/\/api.w.org\/{rel}","templated":true}]}}