{"id":2389,"date":"2024-05-16T07:49:54","date_gmt":"2024-05-16T06:49:54","guid":{"rendered":"https:\/\/berggold.digital\/?post_type=product&#038;p=2389"},"modified":"2025-12-13T13:54:22","modified_gmt":"2025-12-13T12:54:22","slug":"5-kamera-siegel","status":"publish","type":"product","link":"https:\/\/berggold.digital\/en\/laden\/5-kamera-siegel\/","title":{"rendered":"5 Kamera-Siegel"},"content":{"rendered":"<p>Kleben Sie Ihre Kamera mit dem 8mm Durchmesser umfassenden Vinyl-Kamerasiegel ab. Die perfekte Low-Tech-L\u00f6sung, damit Sie sicher niemand beobachtet!<\/p>\n<ul>\n<li>Preiswertester Schutz Ihrer <span tabindex='0' class='glossary-item-container'>privacy<span class='glossary-item-hidden-content'><span class='glossary-item-header'>privacy<\/span> <span class='glossary-item-description'>Bezeichnet den nicht\u00f6ffentlichen Bereich, in dem ein Mensch - unbehelligt von \u00e4u\u00dferen Einfl\u00fcssen - sein Recht auf freie Entfaltung der Pers\u00f6nlichkeit wahrnimmt.<\/span><\/span><\/span><\/li>\n<li>Langer, sicherer Halt*<\/li>\n<li>Passend f\u00fcr alle g\u00e4ngigen Kameras an Handy, Tablet und Laptop<\/li>\n<li>Wasserabweisendes Vinyl<\/li>\n<li>Keine R\u00fcckst\u00e4nde bei Entfernung<\/li>\n<li>5 einzelne Aufkleber enthalten (8mm Durchmesser)<\/li>\n<\/ul>\n<p>&nbsp;<\/p>\n<p>Wenn Sie nach einem Geheimhaltungsvertrag verpflichtet sind, Kamera tempor\u00e4r abzukleben, sind diese Aufkleber eine ideale L\u00f6sung!<\/p>\n<p><em>*klebt bei sorgsamen Abl\u00f6sen auch mehrfach!<\/em><\/p>","protected":false},"excerpt":{"rendered":"<p>Sch\u00fctzen Sie sich vor ungebetenen Beobachtern und Datenkraken und kleben Sie einfach Ihre Kamera mit diesen praktischen Vinylaufklebern ab.<\/p>","protected":false},"featured_media":2392,"comment_status":"closed","ping_status":"closed","template":"","meta":{"_links_to":"","_links_to_target":""},"product_brand":[],"product_cat":[154],"product_tag":[159,155,156,158,157],"class_list":{"0":"post-2389","1":"product","2":"type-product","3":"status-publish","4":"has-post-thumbnail","6":"product_cat-zubehoer","7":"product_tag-abkleben","8":"product_tag-kamera","9":"product_tag-privacy","10":"product_tag-siegel","11":"product_tag-sticker","12":"product_shipping_class-buchversand","14":"first","15":"instock","16":"taxable","17":"shipping-taxable","18":"purchasable","19":"product-type-simple"},"_links":{"self":[{"href":"https:\/\/berggold.digital\/en\/wp-json\/wp\/v2\/product\/2389","targetHints":{"allow":["GET"]}}],"collection":[{"href":"https:\/\/berggold.digital\/en\/wp-json\/wp\/v2\/product"}],"about":[{"href":"https:\/\/berggold.digital\/en\/wp-json\/wp\/v2\/types\/product"}],"replies":[{"embeddable":true,"href":"https:\/\/berggold.digital\/en\/wp-json\/wp\/v2\/comments?post=2389"}],"version-history":[{"count":2,"href":"https:\/\/berggold.digital\/en\/wp-json\/wp\/v2\/product\/2389\/revisions"}],"predecessor-version":[{"id":5901,"href":"https:\/\/berggold.digital\/en\/wp-json\/wp\/v2\/product\/2389\/revisions\/5901"}],"wp:featuredmedia":[{"embeddable":true,"href":"https:\/\/berggold.digital\/en\/wp-json\/wp\/v2\/media\/2392"}],"wp:attachment":[{"href":"https:\/\/berggold.digital\/en\/wp-json\/wp\/v2\/media?parent=2389"}],"wp:term":[{"taxonomy":"product_brand","embeddable":true,"href":"https:\/\/berggold.digital\/en\/wp-json\/wp\/v2\/product_brand?post=2389"},{"taxonomy":"product_cat","embeddable":true,"href":"https:\/\/berggold.digital\/en\/wp-json\/wp\/v2\/product_cat?post=2389"},{"taxonomy":"product_tag","embeddable":true,"href":"https:\/\/berggold.digital\/en\/wp-json\/wp\/v2\/product_tag?post=2389"}],"curies":[{"name":"wp","href":"https:\/\/api.w.org\/{rel}","templated":true}]}}