{"id":2785,"date":"2024-07-01T16:48:36","date_gmt":"2024-07-01T14:48:36","guid":{"rendered":"https:\/\/berggold.digital\/?post_type=product&#038;p=2785"},"modified":"2024-07-04T14:47:54","modified_gmt":"2024-07-04T12:47:54","slug":"threema-aktivierungscode","status":"publish","type":"product","link":"https:\/\/berggold.digital\/en\/laden\/threema-aktivierungscode\/","title":{"rendered":"Threema Aktivierungscode"},"content":{"rendered":"<p>Aktivieren Sie mit diesem Produktcode Threema Libre. Die ausschlie\u00dflich f\u00fcr Android und GrapheneOS verf\u00fcgbare App des schweizerischen Unternehmens ist eine Google-freie Alternative zur sonst aus dem Play-Store beziehbaren Anwendung Threema. Sie sind vom Nutzenumfang und Aussehen identisch. Die App selbst k\u00f6nnen Sie via <a href=\"https:\/\/f-droid.org\/en\/packages\/ch.threema.app.libre\/\">F-Droid oder Droid-ify<\/a> herunterladen. Hilfe bietet Ihnen die <a href=\"https:\/\/threema.ch\/de\/faq\/libre_installation\">Threema-eigene, deutschsprachige Anleitung<\/a>.<\/p>","protected":false},"excerpt":{"rendered":"<p>Mit diesem Code k\u00f6nnen Sie die App Threema Libre f\u00fcr Android und GrapheneOS aktivieren.<\/p>","protected":false},"featured_media":2794,"comment_status":"closed","ping_status":"closed","template":"","meta":{"_links_to":"","_links_to_target":""},"product_brand":[],"product_cat":[174],"product_tag":[],"class_list":{"0":"post-2785","1":"product","2":"type-product","3":"status-publish","4":"has-post-thumbnail","6":"product_cat-software","8":"first","9":"instock","10":"virtual","11":"taxable","12":"purchasable","13":"product-type-simple"},"_links":{"self":[{"href":"https:\/\/berggold.digital\/en\/wp-json\/wp\/v2\/product\/2785","targetHints":{"allow":["GET"]}}],"collection":[{"href":"https:\/\/berggold.digital\/en\/wp-json\/wp\/v2\/product"}],"about":[{"href":"https:\/\/berggold.digital\/en\/wp-json\/wp\/v2\/types\/product"}],"replies":[{"embeddable":true,"href":"https:\/\/berggold.digital\/en\/wp-json\/wp\/v2\/comments?post=2785"}],"version-history":[{"count":1,"href":"https:\/\/berggold.digital\/en\/wp-json\/wp\/v2\/product\/2785\/revisions"}],"predecessor-version":[{"id":2795,"href":"https:\/\/berggold.digital\/en\/wp-json\/wp\/v2\/product\/2785\/revisions\/2795"}],"wp:featuredmedia":[{"embeddable":true,"href":"https:\/\/berggold.digital\/en\/wp-json\/wp\/v2\/media\/2794"}],"wp:attachment":[{"href":"https:\/\/berggold.digital\/en\/wp-json\/wp\/v2\/media?parent=2785"}],"wp:term":[{"taxonomy":"product_brand","embeddable":true,"href":"https:\/\/berggold.digital\/en\/wp-json\/wp\/v2\/product_brand?post=2785"},{"taxonomy":"product_cat","embeddable":true,"href":"https:\/\/berggold.digital\/en\/wp-json\/wp\/v2\/product_cat?post=2785"},{"taxonomy":"product_tag","embeddable":true,"href":"https:\/\/berggold.digital\/en\/wp-json\/wp\/v2\/product_tag?post=2785"}],"curies":[{"name":"wp","href":"https:\/\/api.w.org\/{rel}","templated":true}]}}