{"id":2803,"date":"2024-07-12T11:42:26","date_gmt":"2024-07-12T09:42:26","guid":{"rendered":"https:\/\/berggold.digital\/?post_type=product&#038;p=2803"},"modified":"2025-06-01T00:01:58","modified_gmt":"2025-05-31T22:01:58","slug":"grapheneos-installation","status":"publish","type":"product","link":"https:\/\/berggold.digital\/en\/laden\/grapheneos-installation\/","title":{"rendered":"GrapheneOS Installation"},"content":{"rendered":"<p>Sie besitzen bereits ein Google Pixel 6, 7, 8, 9, Fold oder Tablet? Wir \u00fcbernehmen f\u00fcr Sie die Portierung auf das sichere Betriebssystem GrapheneOS und befreien Ihr Ger\u00e4t somit von Google.<\/p>\n<p>Wenn Sie GrapheneOS bislang nicht kennen, haben wir hier einen ersten <a href=\"https:\/\/berggold.digital\/en\/grapheneos\/\">Einblick in den Goldstandard mobiler Sicherheit<\/a>.<\/p>\n<p>Damit Sie sofort Google-frei starten k\u00f6nnen, installieren wir einige freie und quelloffene Apps vor, Sie k\u00f6nnen uns auch Lieblingsapps benennen und wir installieren diese gleich vor. Falls Sie nur das Ger\u00e4t auf Werkseinstellungen w\u00fcnschen, w\u00e4hlen Sie bitte das entsprechende Feld aus.<\/p>\n<h2>Wie ist der Ablauf?<\/h2>\n<p>Vor dem Versand empfehlen wir Ihnen, Ihr Google-Konto von dem Smartphone oder Tablet zu l\u00f6schen und anschlie\u00dfend das Ger\u00e4t auf Werkseinstellungen zur\u00fcckzusetzen.<\/p>\n<p>Sie senden uns Ihr Ger\u00e4t per Post oder \u00fcbergeben es uns pers\u00f6nlich. Wir bieten auch f\u00fcr einen Aufpreis die Abholung vor Ort an. Nach Eingang setzen wir GrapheneOS auf Ihr Endger\u00e4t auf und senden es Ihnen innerhalb von 3 Werktagen zur\u00fcck.<\/p>\n<p>&nbsp;<\/p>\n<p><em>HINWEIS:<\/em><\/p>\n<p><em>Bitte beachten Sie, dass durch unsere Dienstleistung die Herstellergarantie Ihres Ger\u00e4tes erlischt, wir keine R\u00fcckportierung auf das vorherige Betriebssystem durchf\u00fchren und kein Widerrufsrecht f\u00fcr unsere erbrachte Dienstleistung besteht.<\/em><\/p>\n<p>&nbsp;<\/p>","protected":false},"excerpt":{"rendered":"<p>Sie besitzen bereits ein Google Pixel 6, 7, 8, 9, Fold oder Tablet? Wir \u00fcbernehmen f\u00fcr Sie die Portierung auf das sichere Betriebssystem GrapheneOS und befreien Ihr Ger\u00e4t somit von Google. Wenn Sie GrapheneOS bislang nicht kennen, haben wir hier einen ersten Einblick in den Goldstandard mobiler Sicherheit. Damit Sie sofort Google-frei starten k\u00f6nnen, installieren [&hellip;]<\/p>\n","protected":false},"featured_media":2950,"comment_status":"closed","ping_status":"closed","template":"","meta":{"_links_to":"","_links_to_target":""},"product_brand":[],"product_cat":[175],"product_tag":[],"class_list":{"0":"post-2803","1":"product","2":"type-product","3":"status-publish","4":"has-post-thumbnail","6":"product_cat-dienste","7":"product_shipping_class-kostenlose-lieferung","9":"first","10":"instock","11":"taxable","12":"shipping-taxable","13":"purchasable","14":"product-type-simple"},"_links":{"self":[{"href":"https:\/\/berggold.digital\/en\/wp-json\/wp\/v2\/product\/2803","targetHints":{"allow":["GET"]}}],"collection":[{"href":"https:\/\/berggold.digital\/en\/wp-json\/wp\/v2\/product"}],"about":[{"href":"https:\/\/berggold.digital\/en\/wp-json\/wp\/v2\/types\/product"}],"replies":[{"embeddable":true,"href":"https:\/\/berggold.digital\/en\/wp-json\/wp\/v2\/comments?post=2803"}],"version-history":[{"count":5,"href":"https:\/\/berggold.digital\/en\/wp-json\/wp\/v2\/product\/2803\/revisions"}],"predecessor-version":[{"id":5403,"href":"https:\/\/berggold.digital\/en\/wp-json\/wp\/v2\/product\/2803\/revisions\/5403"}],"wp:featuredmedia":[{"embeddable":true,"href":"https:\/\/berggold.digital\/en\/wp-json\/wp\/v2\/media\/2950"}],"wp:attachment":[{"href":"https:\/\/berggold.digital\/en\/wp-json\/wp\/v2\/media?parent=2803"}],"wp:term":[{"taxonomy":"product_brand","embeddable":true,"href":"https:\/\/berggold.digital\/en\/wp-json\/wp\/v2\/product_brand?post=2803"},{"taxonomy":"product_cat","embeddable":true,"href":"https:\/\/berggold.digital\/en\/wp-json\/wp\/v2\/product_cat?post=2803"},{"taxonomy":"product_tag","embeddable":true,"href":"https:\/\/berggold.digital\/en\/wp-json\/wp\/v2\/product_tag?post=2803"}],"curies":[{"name":"wp","href":"https:\/\/api.w.org\/{rel}","templated":true}]}}