{"id":2952,"date":"2024-08-10T09:20:13","date_gmt":"2024-08-10T07:20:13","guid":{"rendered":"https:\/\/berggold.digital\/?post_type=product&#038;p=2952"},"modified":"2025-01-01T00:01:32","modified_gmt":"2024-12-31T23:01:32","slug":"kurzadresse","status":"publish","type":"product","link":"https:\/\/berggold.digital\/en\/laden\/kurzadresse\/","title":{"rendered":"Kurzadresse f\u00fcr Monero und Bitcoin"},"content":{"rendered":"<h2>Adressen leicht \u00fcbermitteln<\/h2>\n<p>Krypto-Adressen sind lang und unm\u00f6glich zu merken. Man ist stets auf digitale Hilfsmittel oder QR-Codes angewiesen. Dank unserer Kurzadressen sind Krypto-Adressen so einfach wie eine Emailadresse zu merken und auch analog auf Visitenkarten dezent, ansprechend und einfach transportierbar.<\/p>\n<p><strong>Kurzgesagt:<\/strong><\/p>\n<ul>\n<li>Einfach zu merkende Adressen im Emailformat, Beispiel: Zahlung@berggold.digital<\/li>\n<li>Funktioniert auch ohne Handy und Internet<\/li>\n<li>Funktioniert mit vielen Wallets<\/li>\n<li>Rund um die Uhr verf\u00fcgbar<\/li>\n<li>Durch DNSSEC f\u00e4lschungssicher<\/li>\n<li>[optional] Sichere Aktualisierung Ihrer Krypto-Adressen<\/li>\n<li>[optional] Anonyme Anlage<\/li>\n<li>Etablierter OpenAlias Standard<\/li>\n<li>Drei Jahre G\u00fcltigkeit<\/li>\n<\/ul>\n<p>&nbsp;<\/p>\n<h2>Hohe Sicherheit<\/h2>\n<p>Auf technologischer Ebene wird die malizi\u00f6se \u00c4nderung Ihrer Adresse durch das DNSSEC-Protokoll gesch\u00fctzt. Zugang zu den Domaindaten erh\u00e4lt nur der Administrator. Adressen werden nur einmalig vergeben, wenn Sie den Dienst nicht mehr nutzen wollen, wird diese Subdomain geblockt. Unser Dienst ist rund um die Uhr verf\u00fcgbar und hat eine h\u00f6chste Verf\u00fcgbarkeit von 99,99%.<\/p>\n<p>Um Ihre Adresse vor <span tabindex='0' class='glossary-item-container'>Social Engineering<span class='glossary-item-hidden-content'><span class='glossary-item-header'>Social Engineering<\/span> <span class='glossary-item-description'>Zwischenmenschliche Beeinflussungen mit dem Ziel, unberechtigt an Informationen oder technische Infrastrukturen zu gelangen.<\/span><\/span><\/span> Angriffen oder Identit\u00e4tsbetrug zu sch\u00fctzen, k\u00f6nnen Sie wahlweise eine Einmaleinrichtung ausw\u00e4hlen oder Sie authentifizieren sich f\u00fcr einen Adresswechsel mit Bestellnummer und Zahlungsbeleg.<br \/>\nDie Einmaleinrichtung<\/p>\n<h2>Anonym nutzbar<\/h2>\n<p>Sie k\u00f6nnen unseren Dienst auch vollkommen anonym verwenden. Zahlen Sie dazu an der Kasse in <span tabindex='0' class='glossary-item-container'>Monero<span class='glossary-item-hidden-content'><span class='glossary-item-header'>Monero<\/span> <span class='glossary-item-description'>(Kurz XMR) Die technologisch f\u00fchrende Kryptow\u00e4hrung zum Schutz der finanziellen Privatsph\u00e4re. Verf\u00fcgt \u00fcber eine private Blockchain: Sender, Empf\u00e4nger und Betrag bleiben f\u00fcr Beobachter geheim. Sichergestellt durch modernste Kryptographie-Techniken.<\/span><\/span><\/span> und lassen die Angaben zu Ihrer Person frei. Bewahren Sie die Bestellnummer und TX-ID der Zahlung gut auf, damit k\u00f6nnen Sie sp\u00e4tere \u00c4nderungen der Adresse ansto\u00dfen.<\/p>\n<h2>Einfacher Ablauf<\/h2>\n<ol>\n<li>Teilen Sie uns Ihre Adresse der Kryptow\u00e4hrung Monero oder Bitcoin mit.<\/li>\n<li>W\u00e4hlen Sie Ihre bevorzugte Adresse:\n<ol>\n<li><em> Ohne eigene Domain <\/em>ist die Hauptdomain immer berggold.digital<br \/>\nBeispiel: Zahlung@berggold.digital<\/li>\n<li>Eine <em>eigene Hauptdomain<\/em> geben Sie im Adressfeld ein und w\u00e4hlen unter eigener Domain &#8222;Ja&#8220; aus.<br \/>\nBeispiel: Monero@StadtImmobilien.de<\/li>\n<\/ol>\n<\/li>\n<\/ol>\n<p>&nbsp;<\/p>\n<p>Wenn Sie mehr \u00fcber Kurzadressen erfahren wollen, haben wir <a href=\"https:\/\/berggold.digital\/kurzadressen\/\" target=\"_blank\" rel=\"noopener\">an dieser Stelle<\/a> noch mehr wissenswertes.<\/p>\n<p>&nbsp;<\/p>\n<p><em>Hinweis: Die Funktion ist von der verwendeten <span tabindex='0' class='glossary-item-container'>Wallet<span class='glossary-item-hidden-content'><span class='glossary-item-header'>Wallet<\/span> <span class='glossary-item-description'>Englisch f\u00fcr Portemonnaie. Ein Konto f\u00fcr eine Kryptow\u00e4hrung. \u00dcber sie erfolgen Verwahrung und Zahlungen. Jeder kann beliebig viele frei und geheim erstellen.<\/span><\/span><\/span> des Senders abh\u00e4ngig. Diese Wallets unterst\u00fctzen aktuell den OpenAlias Standard: Monero GUI, Feather Wallet, Monerujo, Cake Wallet, Monero.com, Electrum, Coin.space. Um eine hier nicht aufgef\u00fchrte Wallet zu testen, k\u00f6nnen Sie eine Monero Zahlung an spende@berggold.digital vorbereiten, wird diese nicht aufgel\u00f6st, unterst\u00fctzt die App die Funktion nicht.<br \/>\n<\/em><em>Einige Wallets wie die Monero GUI unterst\u00fctzen nur einen Punkt statt dem @-Symbol.<\/em><\/p>\n","protected":false},"excerpt":{"rendered":"<p>Teilen Sie mit Leichtigkeit und ged\u00e4chtnisfreundlich Ihre Empfangsadressen von Monero und Bitcoin mit anderen: Durch verkn\u00fcpfte, kurze Adressen im Email-Format teilen Sie Krypto-Adressen leicht und analog mit jedem.<\/p>","protected":false},"featured_media":3118,"comment_status":"closed","ping_status":"closed","template":"","meta":{"_links_to":"","_links_to_target":""},"product_brand":[],"product_cat":[175],"product_tag":[184,153,185],"class_list":{"0":"post-2952","1":"product","2":"type-product","3":"status-publish","4":"has-post-thumbnail","6":"product_cat-dienste","7":"product_tag-bitcoin","8":"product_tag-monero","9":"product_tag-openalias","11":"first","12":"instock","13":"sale","14":"sold-individually","15":"taxable","16":"shipping-taxable","17":"purchasable","18":"product-type-variable","19":"has-default-attributes"},"_links":{"self":[{"href":"https:\/\/berggold.digital\/en\/wp-json\/wp\/v2\/product\/2952","targetHints":{"allow":["GET"]}}],"collection":[{"href":"https:\/\/berggold.digital\/en\/wp-json\/wp\/v2\/product"}],"about":[{"href":"https:\/\/berggold.digital\/en\/wp-json\/wp\/v2\/types\/product"}],"replies":[{"embeddable":true,"href":"https:\/\/berggold.digital\/en\/wp-json\/wp\/v2\/comments?post=2952"}],"version-history":[{"count":1,"href":"https:\/\/berggold.digital\/en\/wp-json\/wp\/v2\/product\/2952\/revisions"}],"predecessor-version":[{"id":3117,"href":"https:\/\/berggold.digital\/en\/wp-json\/wp\/v2\/product\/2952\/revisions\/3117"}],"wp:featuredmedia":[{"embeddable":true,"href":"https:\/\/berggold.digital\/en\/wp-json\/wp\/v2\/media\/3118"}],"wp:attachment":[{"href":"https:\/\/berggold.digital\/en\/wp-json\/wp\/v2\/media?parent=2952"}],"wp:term":[{"taxonomy":"product_brand","embeddable":true,"href":"https:\/\/berggold.digital\/en\/wp-json\/wp\/v2\/product_brand?post=2952"},{"taxonomy":"product_cat","embeddable":true,"href":"https:\/\/berggold.digital\/en\/wp-json\/wp\/v2\/product_cat?post=2952"},{"taxonomy":"product_tag","embeddable":true,"href":"https:\/\/berggold.digital\/en\/wp-json\/wp\/v2\/product_tag?post=2952"}],"curies":[{"name":"wp","href":"https:\/\/api.w.org\/{rel}","templated":true}]}}