{"id":4424,"date":"2024-12-13T08:36:29","date_gmt":"2024-12-13T07:36:29","guid":{"rendered":"https:\/\/berggold.digital\/?post_type=product&#038;p=4424"},"modified":"2025-10-19T11:09:17","modified_gmt":"2025-10-19T09:09:17","slug":"graphen-9-pro","status":"publish","type":"product","link":"https:\/\/berggold.digital\/en\/laden\/graphen-9-pro\/","title":{"rendered":"Graphen 9 Pro"},"content":{"rendered":"<p>Basierend auf dem leistungsstarken Google Pixel 9 Pro, bietet Ihnen das neue Smartphone ein H\u00f6chstma\u00df an Sicherheit und Schutz Ihrer sensiblen Daten. Mit dem geh\u00e4rteten Android-Betriebssystem <a href=\"https:\/\/berggold.digital\/en\/grapheneos\/\" target=\"_blank\" rel=\"noopener\">GrapheneOS<\/a> sind Ihre Kommunikation und Ihr mobiles Arbeiten rundum gesch\u00fctzt. Aus dem Pixel 9 Pro mit GrapheneOS wird so das Graphen 9 Pro.<\/p>\n<h2>Kurz gesagt:<\/h2>\n<ul>\n<li>Ideal als sicheres Handy: Schutz vor Abh\u00f6ren, Datenmissbrauch und Hackerangriffen<\/li>\n<li>Volle Kontrolle \u00fcber Ihre Daten und <span tabindex='0' class='glossary-item-container'>privacy<span class='glossary-item-hidden-content'><span class='glossary-item-header'>privacy<\/span> <span class='glossary-item-description'>Bezeichnet den nicht\u00f6ffentlichen Bereich, in dem ein Mensch - unbehelligt von \u00e4u\u00dferen Einfl\u00fcssen - sein Recht auf freie Entfaltung der Pers\u00f6nlichkeit wahrnimmt.<\/span><\/span><\/span><\/li>\n<li>Leistungsstarke Hardware f\u00fcr reibungsloses Arbeiten unterwegs<\/li>\n<li>Kompatibilit\u00e4t mit allen g\u00e4ngigen Android-Apps<\/li>\n<li>Pers\u00f6nlicher Support und Beratung durch unser deutsches Expertenteam<\/li>\n<li>Flaggschiff der Graphen-Reihe<\/li>\n<li>3 Hauptkameras f\u00fcr 4K Videos, Ultraweitwinkel und 30-fachen Zoom mit Teleobjektiv<\/li>\n<li>Display- und Kameraschutz inklusive<\/li>\n<\/ul>\n<p>&nbsp;<\/p>\n<p>Auch f\u00fcr Unternehmen bestens geeignet: Ob als abh\u00f6rsicheres Diensthandy oder f\u00fcr den sicheren Zugriff auf Unternehmensdaten \u2013 das Graphen 9 Pro ist Ihr zuverl\u00e4ssiger Begleiter im Gesch\u00e4ftsalltag. Dank automatischer Sicherheitsupdates und kontinuierlicher Weiterentwicklung bleiben Sie immer auf dem neuesten Stand der Technik.<\/p>\n<h3>Gewohnt einfache Oberfl\u00e4che<\/h3>\n<p>Die Bedienung und Nutzeroberfl\u00e4che sind ebenso einfach und intuitiv wie bei Android-Handys. Das Mehr an Sicherheit und Datenschutz arbeitet unauff\u00e4llig im Hintergrund. Android-Apps sind mit GrapheneOS vollst\u00e4ndig kompatibel.<\/p>\n<p><strong>Gew\u00fcnschte Apps vorinstalliert<\/strong>: Sie haben Lieblings-Apps? Wir installieren diese f\u00fcr Sie. Lassen Sie es uns im Kommentar bei der Bestellung wissen. Dieser Dienst ist eine kostenlose Inklusivleistung.<\/p>\n<h3>Datenschutz und Sicherheit<\/h3>\n<p>Ihr Graphen 9 Pro Smartphone ist vollst\u00e4ndig verschl\u00fcsselt und ein Bollwerk gegen physische und digitale Angriffe.<\/p>\n<p><strong>Volle Kontrolle<\/strong>: Um Ihre privaten Daten vor Datensammlern zu sch\u00fctzen, k\u00f6nnen Sie f\u00fcr jede App den Internetzugang selbst \u00f6ffnen oder sperren und \u00fcberwachen. Nur eine von vielen einmaligen Sicherheitsfunktionen, die Ihr neues Graphen bietet.<\/p>\n<p><strong>Trick-PIN<\/strong> zur L\u00f6schung Ihres Ger\u00e4tes: In einer Bedrohungssituation k\u00f6nnen Sie so im Notfall das Ger\u00e4t \u00fcber den Sperrbildschirm vollst\u00e4ndig l\u00f6schen. Die PIN vergeben Sie optional im Ger\u00e4t selbst.<\/p>\n<p>Dank GrapheneOS ist Ihr Handy <strong>frei von Google<\/strong>. Die Datenkrake hat keine Kontrolle \u00fcber Ihr Smartphone. Um den Einstieg in ein datenschutzfreundliches App-Universum zu erm\u00f6glichen, haben wir bereits wichtige Apps wie sichere Browser, Messanger, Wallets f\u00fcr Kryptow\u00e4hrungen oder Kalender vorinstalliert.<\/p>\n<p>Wir vertrauen unseren Smartphones unserer privaten Angelegenheiten an: mit GrapheneOS bietet unser Endger\u00e4t erstmalig Sicherheit und Datenschutz, die unseren Daten w\u00fcrdig sind.<\/p>\n<h3>Erstklassige Kamera<\/h3>\n<p>Aller guten Dinge sind drei! Die Hauptkamera auf der R\u00fcckseite bietet drei herausragende Spezialobjektive, mit denen scharfe Fotos und fl\u00fcssige Videos bis in 8K-Qualit\u00e4t gelingen. Ganz gleich, ob Nahaufnahmen, gro\u00dfe Bilder oder weit entfernte Szenen: Dank Weitwinkel und 30-fachen Zoom gelingen mit Graphen 9 Pro alle Fotos.\u00a0 Auch die Frontkamera \u00fcberzeugt mit gestochen scharfen Selfies oder hochaufl\u00f6senden Videocalls mit authentischen, lebendigen Farben.<\/p>\n<h3>Leistungsstark und elegant<\/h3>\n<p>Profitieren Sie vom leistungsstarken Tensor G4 Chip und 16 GB Arbeitsspeicher: Super-schnelle und fl\u00fcssige Bedienung in allen Situationen und f\u00fcr alle noch so leistungshungrigen Apps.<\/p>\n<p>Ultra sicher durch integrierten Titan M2-Sicherheitschip.<\/p>\n<p>Der 161 mm OLED-Bildschirm gibt Farben lebendig wieder und bietet neben perfekten Schwarzwerten einen ausgezeichneten Kontrast.<br \/>\nIhre liebsten Videos werden dank 120 Hz Bildwiederholungsrate fl\u00fcssig abgespielt.<\/p>\n<h3>Langlebigkeit<\/h3>\n<p>Die Software wird bis 2031 mit Updates von GrapheneOS versorgt. Ihr neues Betriebssystem ist somit immer auf dem Laufenden und sicher.<\/p>\n<h3>Pers\u00f6nlicher Ansprechpartner<\/h3>\n<p>Als Ihr erfahrener deutscher Ansprechpartner helfen wir bei Fragen rund um die Nutzung Ihres neuen Graphen 9 Pro.<\/p>\n<p>&nbsp;<\/p>\n<hr \/>\n<h2>Technische Daten<\/h2>\n<p>&nbsp;<\/p>\n<p><em>Betriebssystem GrapheneOS<\/em> (<a href=\"https:\/\/berggold.digital\/en\/grapheneOS\/\">Was bedeutet das?<\/a>)<\/p>\n<p>&nbsp;<\/p>\n<p><strong>Bildschirm<\/strong><\/p>\n<p>OLED, 16,1 cm (6,34 Zoll), 1280 x 2856 Pixel, Verh\u00e4ltnis 20:9, Smooth Display (1 bis 120 Hz), Displayhelligkeit maximal 3000 cd\/m\u00b2, HDR-Unterst\u00fctzung<\/p>\n<p><strong>Kamera, Videoaufnahmen und -anrufe:<\/strong><\/p>\n<p>Dreifach-R\u00fcckkamerasystem: 50-MP-Weitwinkelkamera | 48-MP-Ultraweitwinkelkamera mit Makrofokus | 48-MP-Kamera mit 5-fach-Teleobjektiv | Bis zu 30-facher Super-Resolution-Zoom sowie 0,5-facher, einfacher, zweifacher, f\u00fcnffacher und zehnfacher optischer Zoom.<\/p>\n<p><em>Frontkamera<\/em>:<br \/>\n42 MP, Blende f\/1,2, Dual-PD und Autofokus, Erfassungswinkel 103\u00b0, bis 4k-Videoaufnahme bei 30 oder 60 fps.<\/p>\n<p><em>Kamerafunktionen<\/em>:<br \/>\nPanorama, 360\u00b0 Sph\u00e4ren-Fotos, Zeitlupenvideos bis zu 240 fps, 4k Zeitraffer, Nacht- und Astrofotografie, optische Bild- und Videostabilisierung, bis 10-fach digitaler Zoom.<\/p>\n<p><em>Audio<\/em>:<br \/>\nStereoaufnahme, verbesserte Sprachqualit\u00e4t, Reduzierung von Windger\u00e4uschen, Audio-Zoom<\/p>\n<p>Videoformate: HEVC (H.265) und AVC (H.264)<\/p>\n<p><strong>Leistung, Sicherheit, Speicher<\/strong><\/p>\n<p>Prozessor Google Tensor G4, 16 GB LPDDR5X-RAM Arbeitsspeicher, Sicherheitschip Titan M2 und Trusty, hardware memory tagging<\/p>\n<p>Sicherheitsupdates bis 2031<\/p>\n<p>Fingerabdrucksensor in Anzeige integriert, Entsperren auch per PIN, Muster oder Passwort<\/p>\n<p>128, 256 oder 512 GB (kein SD-Steckplatz)<\/p>\n<p><strong>Verbindungsstandards<\/strong><\/p>\n<p>Wi-Fi 7 (2,4, 5 und 6 GHz), MIMO<\/p>\n<p>Bluetooth v5.3<\/p>\n<p>NFC<\/p>\n<p>Netz: 5G, 4G (LTE), UMTS (HSPA+\/HSDPA), GSM (EDGE)<\/p>\n<p>GPS, GLONASS, Galileo, QZSS, BeiDou, NavIC<\/p>\n<p>1x Nano-SIM<\/p>\n<p>1x eSIM<\/p>\n<p><strong>Akku und Aufladen<\/strong><\/p>\n<p>Akku h\u00e4lt oft l\u00e4nger als 24h, mit Energiesparmodus bis zu 3 Tage.<br \/>\n4700 mAh Kapazit\u00e4t, Laden \u00fcber USB-C Ladeger\u00e4t (exklusive) oder Kabellos, mit Schnellladefunktion (55 % in 30 Min.).<\/p>\n<p><span class=\"highlight\"><strong>Abmessungen und Gewicht<\/strong><\/span><\/p>\n<p><span class=\"highlight\">199 g, 152,8 \u00d7 72 \u00d7 8,5 mm (Breite \u00d7 Tiefe \u00d7 H\u00f6he)<\/span><\/p>\n<p><strong>Lieferumfang<\/strong><\/p>\n<p>1 m Verbindungskabel USB-C auf USB-C<\/p>\n<p>Quick Switch Adapter von USB-C (m\u00e4nnlich) auf USB-A (Standard, weiblich)<\/p>\n<p>SIM-Nadel<\/p>","protected":false},"excerpt":{"rendered":"<p><em>Graphen 9 Pro<\/em> wurde als Ihr sicherer, komfortabler und hochwertiger Wegbegleiter entwickelt: Erleben Sie das exklusive Smartphone mit h\u00f6chstem Datenschutz. Genie\u00dfen Sie dabei den gewohnten Komfort einer Android-Umgebung, nutzen Sie Ihre bevorzugten Apps und die exzellente Kamera. Vertrauen Sie dabei stets auf die kompromisslose Sicherheit von Graphen.<\/p>","protected":false},"featured_media":5107,"comment_status":"open","ping_status":"closed","template":"","meta":{"_links_to":"","_links_to_target":""},"product_brand":[271],"product_cat":[139],"product_tag":[145,147,141,143,146,160,142,144],"class_list":{"0":"post-4424","1":"product","2":"type-product","3":"status-publish","4":"has-post-thumbnail","6":"product_brand-graphen","7":"product_cat-smartphones","8":"product_tag-banking","9":"product_tag-googlefrei","10":"product_tag-graphenos","11":"product_tag-pixel","12":"product_tag-privat","13":"product_tag-privatsphaere","14":"product_tag-smartphone","15":"product_tag-wallet","16":"product_shipping_class-kostenlose-lieferung","18":"first","19":"instock","20":"featured","21":"taxable","22":"shipping-taxable","23":"purchasable","24":"product-type-variable","25":"has-default-attributes"},"_links":{"self":[{"href":"https:\/\/berggold.digital\/en\/wp-json\/wp\/v2\/product\/4424","targetHints":{"allow":["GET"]}}],"collection":[{"href":"https:\/\/berggold.digital\/en\/wp-json\/wp\/v2\/product"}],"about":[{"href":"https:\/\/berggold.digital\/en\/wp-json\/wp\/v2\/types\/product"}],"replies":[{"embeddable":true,"href":"https:\/\/berggold.digital\/en\/wp-json\/wp\/v2\/comments?post=4424"}],"version-history":[{"count":2,"href":"https:\/\/berggold.digital\/en\/wp-json\/wp\/v2\/product\/4424\/revisions"}],"predecessor-version":[{"id":5345,"href":"https:\/\/berggold.digital\/en\/wp-json\/wp\/v2\/product\/4424\/revisions\/5345"}],"wp:featuredmedia":[{"embeddable":true,"href":"https:\/\/berggold.digital\/en\/wp-json\/wp\/v2\/media\/5107"}],"wp:attachment":[{"href":"https:\/\/berggold.digital\/en\/wp-json\/wp\/v2\/media?parent=4424"}],"wp:term":[{"taxonomy":"product_brand","embeddable":true,"href":"https:\/\/berggold.digital\/en\/wp-json\/wp\/v2\/product_brand?post=4424"},{"taxonomy":"product_cat","embeddable":true,"href":"https:\/\/berggold.digital\/en\/wp-json\/wp\/v2\/product_cat?post=4424"},{"taxonomy":"product_tag","embeddable":true,"href":"https:\/\/berggold.digital\/en\/wp-json\/wp\/v2\/product_tag?post=4424"}],"curies":[{"name":"wp","href":"https:\/\/api.w.org\/{rel}","templated":true}]}}