{"id":4546,"date":"2025-01-28T10:16:19","date_gmt":"2025-01-28T09:16:19","guid":{"rendered":"https:\/\/berggold.digital\/?post_type=product&#038;p=4546"},"modified":"2025-10-19T11:09:09","modified_gmt":"2025-10-19T09:09:09","slug":"hijacking-bitcoin-deutsche-ausgabe-roger-ver","status":"publish","type":"product","link":"https:\/\/berggold.digital\/en\/laden\/hijacking-bitcoin-deutsche-ausgabe-roger-ver\/","title":{"rendered":"Hijacking Bitcoin &#8211; Deutsche Ausgabe"},"content":{"rendered":"<p>Bitcoin versprach, eine befreiende Technologie zu sein \u2013 eine Alternative zum staatlich kontrollierten Geld auf dem freien Markt. Doch dieses Versprechen wurde gebrochen, nachdem eine kleine Gruppe von Insidern das Projekt \u00fcbernommen und das Design von Bitcoin grundlegend ver\u00e4ndert hatte.<br \/>\nNur wenige Menschen kennen die wahre Geschichte von Bitcoin und seinem urspr\u00fcnglichen Design, da sie jahrelang heftiger Zensur und Social-Media-Manipulation ausgesetzt war. \u00bbHijacking Bitcoin\u00ab zerst\u00f6rt die popul\u00e4rsten Narrative, die Bitcoin umgeben, und stellt die historischen Fakten richtig.<br \/>\nRoger Ver l\u00e4sst seine Leidenschaft und seinen Schmerz durchscheinen, wenn er die Geschichte eines geliebten Projekts erz\u00e4hlt, das vor seinen Augen korrumpiert wurde.\u00a0Dieses Buch wurde von einer der bekanntesten Pers\u00f6nlichkeiten aus der Welt der Kryptow\u00e4hrungen geschrieben und ist eine Pflichtlekt\u00fcre f\u00fcr Krypto-Interessierte.<\/p>\n<p>Die deutsche Version enth\u00e4lt das Vorwort von Andy Fichte und ist mit einem Glossar erweitert, um h\u00e4ufige technische Begriffe zu erkl\u00e4ren.<\/p>","protected":false},"excerpt":{"rendered":"<p>Entdecken Sie die verborgene Geschichte des BTC: Erfahren Sie, wie Bitcoins Technologie ver\u00e4ndert wurde, um zum Schaden der meisten Nutzer den Interessen einer kleinen Gruppe zu entsprechen.<\/p>","protected":false},"featured_media":4774,"comment_status":"open","ping_status":"closed","template":"","meta":{"_links_to":"","_links_to_target":""},"product_brand":[],"product_cat":[235],"product_tag":[184,239,238,241,237,244,245,240],"class_list":{"0":"post-4546","1":"product","2":"type-product","3":"status-publish","4":"has-post-thumbnail","6":"product_cat-buecher","7":"product_tag-bitcoin","8":"product_tag-entfuehrung","9":"product_tag-geschichte","10":"product_tag-kapern","11":"product_tag-kryptowaehrung","12":"product_tag-roger-ver","13":"product_tag-steve-patterson","14":"product_tag-uebernahme","15":"product_shipping_class-buchversand","17":"first","18":"instock","19":"featured","20":"taxable","21":"shipping-taxable","22":"purchasable","23":"product-type-variable","24":"has-default-attributes"},"_links":{"self":[{"href":"https:\/\/berggold.digital\/en\/wp-json\/wp\/v2\/product\/4546","targetHints":{"allow":["GET"]}}],"collection":[{"href":"https:\/\/berggold.digital\/en\/wp-json\/wp\/v2\/product"}],"about":[{"href":"https:\/\/berggold.digital\/en\/wp-json\/wp\/v2\/types\/product"}],"replies":[{"embeddable":true,"href":"https:\/\/berggold.digital\/en\/wp-json\/wp\/v2\/comments?post=4546"}],"version-history":[{"count":2,"href":"https:\/\/berggold.digital\/en\/wp-json\/wp\/v2\/product\/4546\/revisions"}],"predecessor-version":[{"id":5879,"href":"https:\/\/berggold.digital\/en\/wp-json\/wp\/v2\/product\/4546\/revisions\/5879"}],"wp:featuredmedia":[{"embeddable":true,"href":"https:\/\/berggold.digital\/en\/wp-json\/wp\/v2\/media\/4774"}],"wp:attachment":[{"href":"https:\/\/berggold.digital\/en\/wp-json\/wp\/v2\/media?parent=4546"}],"wp:term":[{"taxonomy":"product_brand","embeddable":true,"href":"https:\/\/berggold.digital\/en\/wp-json\/wp\/v2\/product_brand?post=4546"},{"taxonomy":"product_cat","embeddable":true,"href":"https:\/\/berggold.digital\/en\/wp-json\/wp\/v2\/product_cat?post=4546"},{"taxonomy":"product_tag","embeddable":true,"href":"https:\/\/berggold.digital\/en\/wp-json\/wp\/v2\/product_tag?post=4546"}],"curies":[{"name":"wp","href":"https:\/\/api.w.org\/{rel}","templated":true}]}}