{"id":4746,"date":"2025-02-14T09:00:01","date_gmt":"2025-02-14T08:00:01","guid":{"rendered":"https:\/\/berggold.digital\/?post_type=product&#038;p=4746"},"modified":"2025-03-24T14:00:22","modified_gmt":"2025-03-24T13:00:22","slug":"webinar-einstieg-krypto-25-03-27","status":"publish","type":"product","link":"https:\/\/berggold.digital\/en\/laden\/webinar-einstieg-krypto-25-03-27\/","title":{"rendered":"Webinar: Einstieg in den Kryptokosmos am 27.03.25 &#8211; 18:30 Uhr"},"content":{"rendered":"<p>Gewinnen Sie in unserem Online-Seminar erste Einblicke in die faszinierende Welt der Kryptow\u00e4hrungen. Einsteigerfreundlich beleuchten wir gemeinsam die wichtigsten Themen des Kryptokosmos. Profitieren Sie von unserem hohen Praxisfokus und einem Seminar in kleinen Gruppen: Gemeinsam vorankommen.<\/p>\r\n<p>&nbsp;<\/p>\r\n\r\n\r\n\r\n<h2 class=\"wp-block-heading\">Themen\u00fcbersicht<\/h2>\r\n<ol>\r\n<li>Einf\u00fchrung<br \/><br \/><\/li>\r\n<li><strong>Warum Kryptow\u00e4hrungen?<\/strong> \u00dcber Notwendigkeit, Gr\u00fcnde und Hintergr\u00fcnde.<br \/>\u00a0<\/li>\r\n<li><strong>Wie funktionieren Kryptow\u00e4hrungen<\/strong> wie Bitcoin, Ethereum und <span tabindex='0' class='glossary-item-container'>Monero<span class='glossary-item-hidden-content'><span class='glossary-item-header'>Monero<\/span> <span class='glossary-item-description'>(Kurz XMR) Die technologisch f\u00fchrende Kryptow\u00e4hrung zum Schutz der finanziellen Privatsph\u00e4re. Verf\u00fcgt \u00fcber eine private Blockchain: Sender, Empf\u00e4nger und Betrag bleiben f\u00fcr Beobachter geheim. Sichergestellt durch modernste Kryptographie-Techniken.<\/span><\/span><\/span>? Was bedeuten die <strong>gravierenden Unterschiede<\/strong> f\u00fcr Nutzer?<br \/>\u00a0<\/li>\r\n<li><strong>Praxis: wie nutze ich es?<\/strong> Wie erwerbe ich es? Welche alternativen Wege gibt es? Wie gehe ich sicher damit um? Welche Ger\u00e4te sind geeignet? Welche Risiken und h\u00e4ufigen Fehler gibt es und wie vermeide ich diese? Was gibt es rechtlich und steuerlich zu beachten?<br \/>\u00a0<\/li>\r\n<li><strong>Offene Fragerunde<\/strong>: Kl\u00e4ren wir gemeinsam alle Fragen und r\u00e4umen letzte Missverst\u00e4ndnisse aus.<\/li>\r\n<\/ol>\r\n<p>&nbsp;<\/p>\r\n\r\n\r\n\r\n<ul class=\"wp-block-list\"><\/ul>\r\n<h2>+ Premium<\/h2>\r\n<p><em>Sehr gesch\u00e4tzt<\/em>: Jeder K\u00e4ufer von Premium profitiert zus\u00e4tzlich von unserer professionellen und pers\u00f6nlichen Nachbesprechung in einem separaten Termin. Hier k\u00f6nnen wir privat und gezielt Ihre pers\u00f6nlichen Fragen kl\u00e4ren oder Anliegen besprechen \u2013 beispielsweise gemeinsam Ihre erste <span tabindex='0' class='glossary-item-container'>Wallet<span class='glossary-item-hidden-content'><span class='glossary-item-header'>Wallet<\/span> <span class='glossary-item-description'>Englisch f\u00fcr Portemonnaie. Ein Konto f\u00fcr eine Kryptow\u00e4hrung. \u00dcber sie erfolgen Verwahrung und Zahlungen. Jeder kann beliebig viele frei und geheim erstellen.<\/span><\/span><\/span> einrichten.<\/p>\r\n<p>&nbsp;<\/p>\r\n<h2>F\u00fcr wen ist das Webinar geeignet?<\/h2>\r\n<p><strong>Individuals<\/strong>, die noch keinen oder wenig Kontakt mit Krypto hatten und ihr Wissen erweitern m\u00f6chten.<\/p>\r\n<p><strong>Selbstst\u00e4ndige und Unternehmer<\/strong>, die verstehen wollen, ob es sich lohnt, Krypto auch in ihr Unternehmen zu integrieren.<\/p>\r\n<p>&nbsp;<\/p>\r\n\r\n\r\n\r\n<h2 class=\"wp-block-heading\">Unser Mehrwert f\u00fcr Sie<\/h2>\r\n\r\n\r\n\r\n<ul class=\"wp-block-list\">\r\n<li><strong>Kritischer Blick<\/strong> auf Bitcoin und Co. \u2013 Ausgewogenheit statt Marketingm\u00e4rchen<\/li>\r\n<li><strong>Exklusive Veranstaltung<\/strong>: Begrenzte Teilnehmerzahl schafft Raum f\u00fcr individuelle Fragen<\/li>\r\n\r\n\r\n\r\n<li><strong>Praxisorientiert<\/strong>: Sie lernen die ersten wichtigen Schritte und vermeiden so h\u00e4ufige Fehler<\/li>\r\n\r\n\r\n\r\n\r\n\r\n<li>Extra-R\u00e4ume, um sich zu vernetzen<\/li>\r\n\r\n\r\n\r\n<li><strong>Exklusive Handouts <\/strong>zum sp\u00e4teren Nachlesen<\/li>\r\n\r\n\r\n\r\n<li>Optionale Nachbetreuung<\/li>\r\n<\/ul>\r\n<p>&nbsp;<\/p>\r\n<p><strong>Beginn:<\/strong> 18:30 Uhr, Ankommen ab 18:15 Uhr mit ersten Gespr\u00e4chen<\/p>\r\n<p><strong>Dauer:<\/strong> 90 Minuten, anschlie\u00dfend offene Fragerunde<\/p>\r\n<p>&nbsp;<\/p>\r\n<p>Noch Fragen offen? <a href=\"#elementor-action%3Aaction%3Dpopup%3Aopen%26settings%3DeyJpZCI6IjMzNjkiLCJ0b2dnbGUiOmZhbHNlfQ%3D%3D\">Kontaktieren Sie uns<\/a>!<\/p>\r\n<p>&nbsp;<\/p>\r\n\r\n<p>Hinweis: F\u00fcr die Teilnahme ist keine zus\u00e4tzliche Software n\u00f6tig, Ihr Browser gen\u00fcgt. Eine Teilnahme mit Mikrofon f\u00fcr Fragen und Gespr\u00e4ch ist erw\u00fcnscht.<\/p>","protected":false},"excerpt":{"rendered":"<p>Erweitern Sie gemeinsam mit anderen Krypto-Interessierten Ihren Horizont und buchen Sie einen bereichernden Abend, der Sie in die Welt von Monero, Bitcoin und Co. entf\u00fchrt!<\/p>","protected":false},"featured_media":4682,"comment_status":"closed","ping_status":"closed","template":"","meta":{"_links_to":"","_links_to_target":""},"product_brand":[],"product_cat":[254],"product_tag":[255,149,153],"class_list":{"0":"post-4746","1":"product","2":"type-product","3":"status-publish","4":"has-post-thumbnail","6":"product_cat-webinare","7":"product_tag-einstieg","8":"product_tag-krypto","9":"product_tag-monero","11":"first","12":"outofstock","13":"sold-individually","14":"taxable","15":"shipping-taxable","16":"purchasable","17":"product-type-variable","18":"has-default-attributes"},"_links":{"self":[{"href":"https:\/\/berggold.digital\/en\/wp-json\/wp\/v2\/product\/4746","targetHints":{"allow":["GET"]}}],"collection":[{"href":"https:\/\/berggold.digital\/en\/wp-json\/wp\/v2\/product"}],"about":[{"href":"https:\/\/berggold.digital\/en\/wp-json\/wp\/v2\/types\/product"}],"replies":[{"embeddable":true,"href":"https:\/\/berggold.digital\/en\/wp-json\/wp\/v2\/comments?post=4746"}],"version-history":[{"count":2,"href":"https:\/\/berggold.digital\/en\/wp-json\/wp\/v2\/product\/4746\/revisions"}],"predecessor-version":[{"id":5272,"href":"https:\/\/berggold.digital\/en\/wp-json\/wp\/v2\/product\/4746\/revisions\/5272"}],"wp:featuredmedia":[{"embeddable":true,"href":"https:\/\/berggold.digital\/en\/wp-json\/wp\/v2\/media\/4682"}],"wp:attachment":[{"href":"https:\/\/berggold.digital\/en\/wp-json\/wp\/v2\/media?parent=4746"}],"wp:term":[{"taxonomy":"product_brand","embeddable":true,"href":"https:\/\/berggold.digital\/en\/wp-json\/wp\/v2\/product_brand?post=4746"},{"taxonomy":"product_cat","embeddable":true,"href":"https:\/\/berggold.digital\/en\/wp-json\/wp\/v2\/product_cat?post=4746"},{"taxonomy":"product_tag","embeddable":true,"href":"https:\/\/berggold.digital\/en\/wp-json\/wp\/v2\/product_tag?post=4746"}],"curies":[{"name":"wp","href":"https:\/\/api.w.org\/{rel}","templated":true}]}}