{"id":5302,"date":"2025-03-27T07:25:46","date_gmt":"2025-03-27T06:25:46","guid":{"rendered":"https:\/\/berggold.digital\/?post_type=product&#038;p=5302"},"modified":"2025-03-27T07:26:18","modified_gmt":"2025-03-27T06:26:18","slug":"30w-ladegeraet-mit-typ-c-usb","status":"publish","type":"product","link":"https:\/\/berggold.digital\/en\/laden\/30w-ladegeraet-mit-typ-c-usb\/","title":{"rendered":"30W Ladeger\u00e4t mit Typ C USB"},"content":{"rendered":"<ul class=\"a-unordered-list a-vertical a-spacing-mini\">\n<li class=\"a-spacing-mini\"><span class=\"a-list-item\">30W USB-C Ladeger\u00e4t unterst\u00fctzt das Schnellladen von unseren Graphen Handys: in 30 Minuten 50 % aufladen.<\/span><\/li>\n<li>Das Ladeger\u00e4t kommt ohne USB-C-Kabel daher. Jedem unserer Graphen-Smartphones liegt ein passendes bei.<\/li>\n<li>Der Ladestrom wird je nach F\u00fcllstand des Akkus intelligent angepasst, um die Lebensdauer des Endger\u00e4ts zu optimieren.<\/li>\n<li class=\"a-spacing-mini\"><span class=\"a-list-item\">Der Ladestecker verf\u00fcgt \u00fcber \u00dcberlast-, \u00dcberstrom-, \u00dcberspannungs- und \u00dcberhitzungsschutzfunktionen und passt den vom Netzteil ben\u00f6tigten Strom intelligent an. So wird Sicherheit und Langlebigkeit gew\u00e4hrleistet.<\/span><\/li>\n<li class=\"a-spacing-mini\"><span class=\"a-list-item\">Dank des kompakten und zeitlosen Designs ist das Ger\u00e4t \u00fcberall dabei, nimmt im Gep\u00e4ck wenig Platz ein und passt stilsicher zu Ihrem Ger\u00e4t.<\/span><\/li>\n<\/ul>\n<p>Um den Akku zu schonen, empfehlen wir generell, den Ladevorgang bei 80 % zu beenden.<\/p>","protected":false},"excerpt":{"rendered":"<p>Mit dem USB-C-Ladeger\u00e4t laden Sie schnell Ihr Handy auf. Dank der Schnellladefunktion PD 3.0 ist Ihr Ger\u00e4t in 30 Minuten zu 50 % geladen.<\/p>","protected":false},"featured_media":5304,"comment_status":"closed","ping_status":"closed","template":"","meta":{"_links_to":"","_links_to_target":""},"product_brand":[],"product_cat":[15],"product_tag":[],"class_list":{"0":"post-5302","1":"product","2":"type-product","3":"status-publish","4":"has-post-thumbnail","6":"product_cat-uncategorized","8":"first","9":"instock","10":"taxable","11":"shipping-taxable","12":"purchasable","13":"product-type-simple"},"_links":{"self":[{"href":"https:\/\/berggold.digital\/en\/wp-json\/wp\/v2\/product\/5302","targetHints":{"allow":["GET"]}}],"collection":[{"href":"https:\/\/berggold.digital\/en\/wp-json\/wp\/v2\/product"}],"about":[{"href":"https:\/\/berggold.digital\/en\/wp-json\/wp\/v2\/types\/product"}],"replies":[{"embeddable":true,"href":"https:\/\/berggold.digital\/en\/wp-json\/wp\/v2\/comments?post=5302"}],"version-history":[{"count":2,"href":"https:\/\/berggold.digital\/en\/wp-json\/wp\/v2\/product\/5302\/revisions"}],"predecessor-version":[{"id":5306,"href":"https:\/\/berggold.digital\/en\/wp-json\/wp\/v2\/product\/5302\/revisions\/5306"}],"wp:featuredmedia":[{"embeddable":true,"href":"https:\/\/berggold.digital\/en\/wp-json\/wp\/v2\/media\/5304"}],"wp:attachment":[{"href":"https:\/\/berggold.digital\/en\/wp-json\/wp\/v2\/media?parent=5302"}],"wp:term":[{"taxonomy":"product_brand","embeddable":true,"href":"https:\/\/berggold.digital\/en\/wp-json\/wp\/v2\/product_brand?post=5302"},{"taxonomy":"product_cat","embeddable":true,"href":"https:\/\/berggold.digital\/en\/wp-json\/wp\/v2\/product_cat?post=5302"},{"taxonomy":"product_tag","embeddable":true,"href":"https:\/\/berggold.digital\/en\/wp-json\/wp\/v2\/product_tag?post=5302"}],"curies":[{"name":"wp","href":"https:\/\/api.w.org\/{rel}","templated":true}]}}