{"id":5360,"date":"2025-04-09T07:54:49","date_gmt":"2025-04-09T05:54:49","guid":{"rendered":"https:\/\/berggold.digital\/?post_type=product&#038;p=5360"},"modified":"2025-07-30T12:04:12","modified_gmt":"2025-07-30T10:04:12","slug":"0-euro-schein-aus-oschatz","status":"publish","type":"product","link":"https:\/\/berggold.digital\/en\/laden\/0-euro-schein-aus-oschatz\/","title":{"rendered":"0 Euro Schein aus Oschatz"},"content":{"rendered":"<p>Endlich ein buntes Papier, das h\u00e4lt, was es verspricht: Der aufgedruckte Wert ist garantiert, weltweit g\u00fcltig und vor Inflation gesch\u00fctzt!<\/p>\n<p>Die kleine Stadt Oschatz hat einen Null-Euro-Schein mit Portr\u00e4t des Rathauses herausgebracht, in den Farben des fr\u00fcheren 500-Euro-Scheins.<\/p>\n<p>Dabei wurden keine Kosten gescheut: Der Schein f\u00fchlt sich in der Hand \u00fcberzeugend echt an, ist etwa so gro\u00df wie ein 5-Euro-Schein und hat die \u00fcblichen Sicherheitsmerkmale anderer Geldscheine: Hologramme, Sicherheitsstreifen, Mikroschrift und -markierungen.<\/p>\n<p>&nbsp;<\/p>","protected":false},"excerpt":{"rendered":"<p>Null-Euro-Schein der Stadt Oschatz \u2013 ein nettes Souvenir mit Sammlerwert und ein sch\u00f6nes Memento an die Wertlosigkeit des bunten Papiers in unseren Taschen.<\/p>","protected":false},"featured_media":5362,"comment_status":"closed","ping_status":"closed","template":"","meta":{"_links_to":"","_links_to_target":""},"product_brand":[],"product_cat":[154],"product_tag":[296,293,295,294],"class_list":{"0":"post-5360","1":"product","2":"type-product","3":"status-publish","4":"has-post-thumbnail","6":"product_cat-zubehoer","7":"product_tag-0e","8":"product_tag-geldschein","9":"product_tag-oschatz","10":"product_tag-souvenir","11":"product_shipping_class-kostenlose-lieferung","13":"first","14":"instock","15":"taxable","16":"shipping-taxable","17":"purchasable","18":"product-type-simple"},"_links":{"self":[{"href":"https:\/\/berggold.digital\/en\/wp-json\/wp\/v2\/product\/5360","targetHints":{"allow":["GET"]}}],"collection":[{"href":"https:\/\/berggold.digital\/en\/wp-json\/wp\/v2\/product"}],"about":[{"href":"https:\/\/berggold.digital\/en\/wp-json\/wp\/v2\/types\/product"}],"replies":[{"embeddable":true,"href":"https:\/\/berggold.digital\/en\/wp-json\/wp\/v2\/comments?post=5360"}],"version-history":[{"count":3,"href":"https:\/\/berggold.digital\/en\/wp-json\/wp\/v2\/product\/5360\/revisions"}],"predecessor-version":[{"id":5365,"href":"https:\/\/berggold.digital\/en\/wp-json\/wp\/v2\/product\/5360\/revisions\/5365"}],"wp:featuredmedia":[{"embeddable":true,"href":"https:\/\/berggold.digital\/en\/wp-json\/wp\/v2\/media\/5362"}],"wp:attachment":[{"href":"https:\/\/berggold.digital\/en\/wp-json\/wp\/v2\/media?parent=5360"}],"wp:term":[{"taxonomy":"product_brand","embeddable":true,"href":"https:\/\/berggold.digital\/en\/wp-json\/wp\/v2\/product_brand?post=5360"},{"taxonomy":"product_cat","embeddable":true,"href":"https:\/\/berggold.digital\/en\/wp-json\/wp\/v2\/product_cat?post=5360"},{"taxonomy":"product_tag","embeddable":true,"href":"https:\/\/berggold.digital\/en\/wp-json\/wp\/v2\/product_tag?post=5360"}],"curies":[{"name":"wp","href":"https:\/\/api.w.org\/{rel}","templated":true}]}}