{"id":5369,"date":"2025-04-09T09:11:30","date_gmt":"2025-04-09T07:11:30","guid":{"rendered":"https:\/\/berggold.digital\/?post_type=product&#038;p=5369"},"modified":"2025-04-09T10:01:15","modified_gmt":"2025-04-09T08:01:15","slug":"10-papierwallets-fuer-seeds-mit-gratis-sicherheitssiegel","status":"publish","type":"product","link":"https:\/\/berggold.digital\/en\/laden\/10-papierwallets-fuer-seeds-mit-gratis-sicherheitssiegel\/","title":{"rendered":"10 Papierwallets f\u00fcr Seeds mit gratis Sicherheitssiegel"},"content":{"rendered":"<p>Halten Sie Ihre Seeds offline, aufger\u00e4umt und sicher. Dank unserer Papierwallet mit Sicherheitssiegel sch\u00fctzen Sie Ihre geheimen Daten und k\u00f6nnen Sie bequem im Tresor oder bei Ihren Finanzdaten aufbewahren.<\/p>\n<p>Dieses durchdachte Dokument dient als Sicherung der geheimen Zugangsdaten Ihrer Kryptow\u00e4hrungen, auch Seeds genannt.<\/p>\n<ol>\n<li>Bereich f\u00fcr Walletname, Name der Kryptow\u00e4hrung und Tickersymbol sowie Bemerkungen.<\/li>\n<li>Dedizierter Platz zum Aufdrucken eines <strong>QR-Codes<\/strong>, etwa f\u00fcr Empfangsadresse oder View Keys.\n<ol>\n<li>Damit auch als Cold-<span tabindex='0' class='glossary-item-container'>Wallet<span class='glossary-item-hidden-content'><span class='glossary-item-header'>Wallet<\/span> <span class='glossary-item-description'>Englisch f\u00fcr Portemonnaie. Ein Konto f\u00fcr eine Kryptow\u00e4hrung. \u00dcber sie erfolgen Verwahrung und Zahlungen. Jeder kann beliebig viele frei und geheim erstellen.<\/span><\/span><\/span> nutzbar, in die fortlaufend eingezahlt werden kann. #Sparbuch<\/li>\n<\/ol>\n<\/li>\n<li>Einfache <strong>Anleitung<\/strong> f\u00fcr die Wiederherstellung des Zugriffs, etwa bei Ger\u00e4teverlust.<\/li>\n<li><strong>Sicherheitshinweise<\/strong> f\u00fcr einen sicheren Umgang mit Kryptow\u00e4hrungen und den Seeds.<\/li>\n<li>Kurze Erkl\u00e4rung des Dokumentes und von Kryptow\u00e4hrungen.<\/li>\n<li>Platz f\u00fcr <strong>25 Worte<\/strong>, um auch den ersten Typ <span tabindex='0' class='glossary-item-container'>Monero<span class='glossary-item-hidden-content'><span class='glossary-item-header'>Monero<\/span> <span class='glossary-item-description'>(Kurz XMR) Die technologisch f\u00fchrende Kryptow\u00e4hrung zum Schutz der finanziellen Privatsph\u00e4re. Verf\u00fcgt \u00fcber eine private Blockchain: Sender, Empf\u00e4nger und Betrag bleiben f\u00fcr Beobachter geheim. Sichergestellt durch modernste Kryptographie-Techniken.<\/span><\/span><\/span>-Seeds zu erfassen.<\/li>\n<li>Zus\u00e4tzliche Zeilen f\u00fcr Erstelldatum, 1. Blockh\u00f6he und Passphrase.<\/li>\n<li>Durch detaillierte Erkl\u00e4rungen <em>erbgerecht<\/em>: Im Falle des Ablebens k\u00f6nnen Erben mit den Informationen wieder herstellen.<\/li>\n<\/ol>\n<p>+ 10 gratis Sicherheitssiegel:<\/p>\n<ul>\n<li>Abzieh-Effekt (Void): Kleber\u00fcckst\u00e4nde verraten, wenn Siegel entfernt wurde.<\/li>\n<li>Nummeriert: Durch die einmalige Nummer des Siegels kann dieses nicht ersetzt werden.<\/li>\n<li>F\u00e4lschungssicher: Spezielles Material mit Reflexion, Regenbogen und rei\u00dffester Silberfolie.<\/li>\n<\/ul>\n<p>&nbsp;<\/p>\n<p>Information: <strong>Seeds<\/strong> bestehen aus bis zu 25 W\u00f6rtern, die in ihrer spezifischen Kombination und Reihenfolge geheime Daten ableiten, mit denen Sie Zugriff auf Ihre Kryptow\u00e4hrungen erhalten. Sie zu sch\u00fctzen und zu bewahren, ist essenziell. Seeds haben noch weitere Namen: Wiederherstellungsphrase und <span tabindex='0' class='glossary-item-container'>Mnemonischer Samen<span class='glossary-item-hidden-content'><span class='glossary-item-header'>Mnemonischer Samen<\/span> <span class='glossary-item-description'>Der mnemonische Samen ist eine Zeichenkette aus 25 W\u00f6rtern, mit der Sie oder andere vollen Zugriff auf das Guthaben Ihrer Wallet bekommen. Diesen erhalten Sie, wenn Sie Ihre Monero-Wallet zum ersten Mal erstellen. <strong>Bewahren Sie ihn geheim und sicher<\/strong><strong>! Geben Sie ihn an niemanden weiter und speichern Sie ihn am besten mit Stift und Papier.<\/strong><\/span><\/span><\/span>.<\/p>\n<p>&nbsp;<\/p>","protected":false},"excerpt":{"rendered":"<p>Halten Sie Ihre Seeds offline, aufger\u00e4umt und sicher. Dank unserer Papierwallet mit Sicherheitssiegel sch\u00fctzen Sie Ihre geheimen Daten und k\u00f6nnen Sie bequem im Tresor oder bei Ihren Finanzdaten aufbewahren.<\/p>","protected":false},"featured_media":5373,"comment_status":"open","ping_status":"closed","template":"","meta":{"_links_to":"","_links_to_target":""},"product_brand":[],"product_cat":[154],"product_tag":[297,298,300,299,144],"class_list":{"0":"post-5369","1":"product","2":"type-product","3":"status-publish","4":"has-post-thumbnail","6":"product_cat-zubehoer","7":"product_tag-offline","8":"product_tag-paperwallet","9":"product_tag-phrase","10":"product_tag-seed","11":"product_tag-wallet","12":"product_shipping_class-kostenlose-lieferung","14":"first","15":"instock","16":"taxable","17":"shipping-taxable","18":"purchasable","19":"product-type-simple"},"_links":{"self":[{"href":"https:\/\/berggold.digital\/en\/wp-json\/wp\/v2\/product\/5369","targetHints":{"allow":["GET"]}}],"collection":[{"href":"https:\/\/berggold.digital\/en\/wp-json\/wp\/v2\/product"}],"about":[{"href":"https:\/\/berggold.digital\/en\/wp-json\/wp\/v2\/types\/product"}],"replies":[{"embeddable":true,"href":"https:\/\/berggold.digital\/en\/wp-json\/wp\/v2\/comments?post=5369"}],"version-history":[{"count":3,"href":"https:\/\/berggold.digital\/en\/wp-json\/wp\/v2\/product\/5369\/revisions"}],"predecessor-version":[{"id":5377,"href":"https:\/\/berggold.digital\/en\/wp-json\/wp\/v2\/product\/5369\/revisions\/5377"}],"wp:featuredmedia":[{"embeddable":true,"href":"https:\/\/berggold.digital\/en\/wp-json\/wp\/v2\/media\/5373"}],"wp:attachment":[{"href":"https:\/\/berggold.digital\/en\/wp-json\/wp\/v2\/media?parent=5369"}],"wp:term":[{"taxonomy":"product_brand","embeddable":true,"href":"https:\/\/berggold.digital\/en\/wp-json\/wp\/v2\/product_brand?post=5369"},{"taxonomy":"product_cat","embeddable":true,"href":"https:\/\/berggold.digital\/en\/wp-json\/wp\/v2\/product_cat?post=5369"},{"taxonomy":"product_tag","embeddable":true,"href":"https:\/\/berggold.digital\/en\/wp-json\/wp\/v2\/product_tag?post=5369"}],"curies":[{"name":"wp","href":"https:\/\/api.w.org\/{rel}","templated":true}]}}